{"id":10,"date":"2022-04-09T06:54:03","date_gmt":"2022-04-09T04:54:03","guid":{"rendered":"https:\/\/www.dermacain.hu\/?page_id=10"},"modified":"2024-04-03T07:59:32","modified_gmt":"2024-04-03T05:59:32","slug":"visszateritesek","status":"publish","type":"page","link":"https:\/\/www.tktx-esklep.pl\/?page_id=10","title":{"rendered":"Polityka zwrot\u00f3w i zwrot\u00f3w"},"content":{"rendered":"\r\n<h3>Przegl\u0105d<\/h3>\r\n<p>Nasza polityka zwrot\u00f3w i zwrot\u00f3w obowi\u0105zuje przez 30 dni. Je\u015bli od zakupu min\u0119\u0142o 30 dni, nie mo\u017cemy zapewni\u0107 pe\u0142nego zwrotu pieni\u0119dzy ani wymiany.<\/p>\r\n<p>Aby kwalifikowa\u0107 si\u0119 do zwrotu, produkt musi by\u0107 nieu\u017cywany i w takim samym stanie, w jakim go otrzyma\u0142e\u015b. Musi tak\u017ce znajdowa\u0107 si\u0119 w oryginalnym opakowaniu.<\/p>\r\n<p>Kilka rodzaj\u00f3w towar\u00f3w jest zwolnionych ze zwrot\u00f3w. Towary \u0142atwo psuj\u0105ce si\u0119, takie jak \u017cywno\u015b\u0107, kwiaty, gazety lub czasopisma, nie podlegaj\u0105 zwrotowi. Nie przyjmujemy r\u00f3wnie\u017c produkt\u00f3w b\u0119d\u0105cych artyku\u0142ami intymnymi, sanitarnymi, materia\u0142ami niebezpiecznymi lub \u0142atwopalnymi cieczami lub gazami.<\/p>\r\n<h3>Dodatkove nierozdzielone zwtwowi:<\/h3>\r\n<p>Karta podarunkowa<\/p>\r\n<p>Oprogramowanie do pobrania<br \/>Niekt\u00f3re artyku\u0142y zwi\u0105zane ze zdrowiem i higien\u0105 osobist\u0105<\/p>\r\n<p>Do realizacji zwrotu potrzebujemy paragonu lub dowodu zakupu.<\/p>\r\n<p>Prosimy o nie zwracanie zakupu do producenta.<\/p>\r\n<p>Istniej\u0105 sytuacje, w kt\u00f3rych zapewniany jest tylko cz\u0119\u015bciowy zwrot pieni\u0119dzy:<\/p>\r\n<p>Ksi\u0105\u017cka z widocznymi \u015bladami u\u017cytkowania<br \/>Otwarta p\u0142yta CD, DVD, kaseta VHS, oprogramowanie, gra wideo, kaseta magnetofonowa lub p\u0142yta winylowa.<br \/>Ka\u017cdy przedmiot, kt\u00f3ry nie jest w oryginalnym stanie, uszkodzony lub brakuje cz\u0119\u015bci, nie jest nasz\u0105 win\u0105.<br \/>Wszystkie produkty zosta\u0142y zwr\u00f3cone po ponad 30 dniach od dostawy<\/p>\r\n<h3>Zwroty pieni\u0119dzy<\/h3>\r\n<p>Po otrzymaniu i sprawdzeniu Twojego zwrotu powiadomimy Ci\u0119 e-mailem, \u017ce otrzymali\u015bmy zwr\u00f3cony produkt. Powiadomimy Ci\u0119 r\u00f3wnie\u017c o zatwierdzeniu lub odrzuceniu zwrotu pieni\u0119dzy.<\/p>\r\n<p>Je\u015bli zostanie zatwierdzony, zwrot \u015brodk\u00f3w zostanie przetworzony i automatycznie przelany na Twoj\u0105 kart\u0119 kredytow\u0105 lub pierwotn\u0105 metod\u0119 p\u0142atno\u015bci w ci\u0105gu okre\u015blonej liczby dni.<\/p>\r\n<p>Sp\u00f3\u017aniony lub brakuj\u0105cy zwrot pieni\u0119dzy<\/p>\r\n<p>Je\u015bli nie otrzyma\u0142e\u015b jeszcze zwrotu pieni\u0119dzy, najpierw sprawd\u017a ponownie swoje konto bankowe.<\/p>\r\n<p>Nast\u0119pnie skontaktuj si\u0119 z wystawc\u0105 karty kredytowej. Oficjalne pojawienie si\u0119 zwrotu mo\u017ce zaj\u0105\u0107 troch\u0119 czasu.<\/p>\r\n<p>Nast\u0119pnie skontaktuj si\u0119 ze swoim bankiem. Zanim zwrot \u015brodk\u00f3w zostanie wys\u0142any, cz\u0119sto up\u0142ywa pewien czas.<\/p>\r\n<p>Je\u015bli wykona\u0142e\u015b to wszystko i nadal nie otrzyma\u0142e\u015b zwrotu pieni\u0119dzy, skontaktuj si\u0119 z nami pod adresem hondzik001@gmail.com.<\/p>\r\n<h3>Rzeczy na sprzeda\u017c<\/h3>\r\n<p><br \/>Zwroty \u015brodk\u00f3w mo\u017cliwe s\u0105 wy\u0142\u0105cznie w przypadku produkt\u00f3w w cenach regularnych. Produkty obj\u0119te promocj\u0105 nie podlegaj\u0105 zwrotowi.<\/p>\r\n<h3>Gie\u0142da<\/h3>\r\n<p>Baterie wymieniamy tylko wtedy, gdy s\u0105 wadliwe lub uszkodzone. Je\u015bli chcesz wymieni\u0107 na ten sam przedmiot, wy\u015blij nam e-mail na adres hondzik001@gmail.com i wy\u015blij przedmiot do Darina Lucov\u00e1, Kuku\u010d\u00ednova 1, 06601 Humenn\u00e9, S\u0142owacja.<\/p>\r\n<h3>Przedstawia<\/h3>\r\n<p>Je\u015bli produkt zosta\u0142 oznaczony jako prezent w momencie zakupu i wys\u0142any bezpo\u015brednio do Ciebie, otrzymasz kredyt podarunkowy r\u00f3wny warto\u015bci zwrotu. Po otrzymaniu zwr\u00f3conego produktu wy\u015blemy Ci bon upominkowy.<\/p>\r\n<p>Je\u015bli produkt nie zosta\u0142 oznaczony jako prezent w momencie zakupu lub osoba obdarowuj\u0105ca wys\u0142a\u0142a zam\u00f3wienie do siebie, aby mog\u0142a je przekaza\u0107 p\u00f3\u017aniej, zwr\u00f3cimy go obdarowanemu i zostanie on poinformowany o zwrocie .<\/p>\r\n<h3>Dostawa i zwroty<\/h3>\r\n<p>Aby zwr\u00f3ci\u0107 produkt, nale\u017cy go wys\u0142a\u0107 poczt\u0105 na adres: Darina Lucov\u00e1, Kuku\u010d\u00ednova 1, 06601 Humenn\u00e9, S\u0142owacja.<\/p>\r\n<p>Je\u015bli zwr\u00f3cisz produkt, b\u0119dziesz odpowiedzialny za w\u0142asne koszty wysy\u0142ki. Koszty wysy\u0142ki nie podlegaj\u0105 zwrotowi. Je\u015bli otrzymasz zwrot pieni\u0119dzy, koszt przesy\u0142ki zwrotnej zostanie odliczony od Twojego zwrotu.<\/p>\r\n<p>W zale\u017cno\u015bci od tego, gdzie mieszkasz, czas dotarcia wymienianego produktu do Ciebie mo\u017ce si\u0119 r\u00f3\u017cni\u0107.<\/p>\r\n<p>Je\u015bli zwracasz dro\u017csze produkty, rozwa\u017c skorzystanie z us\u0142ugi \u015bledzenia przesy\u0142ki lub wykupienie ubezpieczenia przesy\u0142ki. Nie gwarantujemy, \u017ce otrzymamy zwracany produkt.<\/p>\r\n<h3>Potrzebuj\u0119 pomocy?<\/h3>\r\n<p><br \/>W przypadku pyta\u0144 dotycz\u0105cych zwrot\u00f3w pieni\u0119dzy i zwrot\u00f3w prosimy o kontakt pod adresem hondzik001@gmail.com.<\/p>\r\n","protected":false},"excerpt":{"rendered":"<p>Przegl\u0105d Nasza polityka zwrot\u00f3w i zwrot\u00f3w obowi\u0105zuje przez 30 dni. Je\u015bli od zakupu min\u0119\u0142o 30 dni, nie mo\u017cemy zapewni\u0107 pe\u0142nego zwrotu pieni\u0119dzy ani wymiany. Aby kwalifikowa\u0107 si\u0119 do zwrotu, produkt musi by\u0107 nieu\u017cywany i w takim samym stanie, w jakim go otrzyma\u0142e\u015b. Musi tak\u017ce znajdowa\u0107 si\u0119 w oryginalnym opakowaniu. Kilka rodzaj\u00f3w towar\u00f3w jest zwolnionych ze [&hellip;]<\/p>\n","protected":false},"author":1,"featured_media":0,"parent":0,"menu_order":0,"comment_status":"closed","ping_status":"closed","template":"","meta":{"_monsterinsights_skip_tracking":false,"_monsterinsights_sitenote_active":false,"_monsterinsights_sitenote_note":"","_monsterinsights_sitenote_category":0,"footnotes":""},"class_list":["post-10","page","type-page","status-publish","hentry"],"yoast_head":"<!-- This site is optimized with the Yoast SEO plugin v22.4 - https:\/\/yoast.com\/wordpress\/plugins\/seo\/ -->\n<title>Polityka zwrot\u00f3w i zwrot\u00f3w - TKTX<\/title>\n<meta name=\"robots\" content=\"index, follow, max-snippet:-1, max-image-preview:large, max-video-preview:-1\" \/>\n<link rel=\"canonical\" href=\"https:\/\/www.tktx-esklep.pl\/?page_id=10\" \/>\n<meta property=\"og:locale\" content=\"pl_PL\" \/>\n<meta property=\"og:type\" content=\"article\" \/>\n<meta property=\"og:title\" content=\"Polityka zwrot\u00f3w i zwrot\u00f3w - TKTX\" \/>\n<meta property=\"og:description\" content=\"Przegl\u0105d Nasza polityka zwrot\u00f3w i zwrot\u00f3w obowi\u0105zuje przez 30 dni. Je\u015bli od zakupu min\u0119\u0142o 30 dni, nie mo\u017cemy zapewni\u0107 pe\u0142nego zwrotu pieni\u0119dzy ani wymiany. Aby kwalifikowa\u0107 si\u0119 do zwrotu, produkt musi by\u0107 nieu\u017cywany i w takim samym stanie, w jakim go otrzyma\u0142e\u015b. Musi tak\u017ce znajdowa\u0107 si\u0119 w oryginalnym opakowaniu. Kilka rodzaj\u00f3w towar\u00f3w jest zwolnionych ze [&hellip;]\" \/>\n<meta property=\"og:url\" content=\"https:\/\/www.tktx-esklep.pl\/?page_id=10\" \/>\n<meta property=\"og:site_name\" content=\"TKTX\" \/>\n<meta property=\"article:modified_time\" content=\"2024-04-03T05:59:32+00:00\" \/>\n<meta name=\"twitter:card\" content=\"summary_large_image\" \/>\n<meta name=\"twitter:label1\" content=\"Szacowany czas czytania\" \/>\n\t<meta name=\"twitter:data1\" content=\"3 minuty\" \/>\n<script type=\"application\/ld+json\" class=\"yoast-schema-graph\">{\"@context\":\"https:\/\/schema.org\",\"@graph\":[{\"@type\":\"WebPage\",\"@id\":\"https:\/\/www.tktx-esklep.pl\/?page_id=10\",\"url\":\"https:\/\/www.tktx-esklep.pl\/?page_id=10\",\"name\":\"Polityka zwrot\u00f3w i zwrot\u00f3w - TKTX\",\"isPartOf\":{\"@id\":\"https:\/\/www.tktx-esklep.pl\/#website\"},\"datePublished\":\"2022-04-09T04:54:03+00:00\",\"dateModified\":\"2024-04-03T05:59:32+00:00\",\"breadcrumb\":{\"@id\":\"https:\/\/www.tktx-esklep.pl\/?page_id=10#breadcrumb\"},\"inLanguage\":\"pl-PL\",\"potentialAction\":[{\"@type\":\"ReadAction\",\"target\":[\"https:\/\/www.tktx-esklep.pl\/?page_id=10\"]}]},{\"@type\":\"BreadcrumbList\",\"@id\":\"https:\/\/www.tktx-esklep.pl\/?page_id=10#breadcrumb\",\"itemListElement\":[{\"@type\":\"ListItem\",\"position\":1,\"name\":\"Home\",\"item\":\"https:\/\/www.tktx-esklep.pl\/\"},{\"@type\":\"ListItem\",\"position\":2,\"name\":\"Polityka zwrot\u00f3w i zwrot\u00f3w\"}]},{\"@type\":\"WebSite\",\"@id\":\"https:\/\/www.tktx-esklep.pl\/#website\",\"url\":\"https:\/\/www.tktx-esklep.pl\/\",\"name\":\"TKTX\",\"description\":\"Pi\u0119kno nie musi ju\u017c bole\u0107...\",\"publisher\":{\"@id\":\"https:\/\/www.tktx-esklep.pl\/#organization\"},\"potentialAction\":[{\"@type\":\"SearchAction\",\"target\":{\"@type\":\"EntryPoint\",\"urlTemplate\":\"https:\/\/www.tktx-esklep.pl\/?s={search_term_string}\"},\"query-input\":\"required name=search_term_string\"}],\"inLanguage\":\"pl-PL\"},{\"@type\":\"Organization\",\"@id\":\"https:\/\/www.tktx-esklep.pl\/#organization\",\"name\":\"TKTX\",\"url\":\"https:\/\/www.tktx-esklep.pl\/\",\"logo\":{\"@type\":\"ImageObject\",\"inLanguage\":\"pl-PL\",\"@id\":\"https:\/\/www.tktx-esklep.pl\/#\/schema\/logo\/image\/\",\"url\":\"https:\/\/www.tktx-esklep.pl\/wp-content\/uploads\/2022\/04\/cropped-cropped-Screen-Shot-2020-04-08-at-2.34.15-PM.png\",\"contentUrl\":\"https:\/\/www.tktx-esklep.pl\/wp-content\/uploads\/2022\/04\/cropped-cropped-Screen-Shot-2020-04-08-at-2.34.15-PM.png\",\"width\":512,\"height\":512,\"caption\":\"TKTX\"},\"image\":{\"@id\":\"https:\/\/www.tktx-esklep.pl\/#\/schema\/logo\/image\/\"}}]}<\/script>\n<!-- \/ Yoast SEO plugin. -->","yoast_head_json":{"title":"Polityka zwrot\u00f3w i zwrot\u00f3w - TKTX","robots":{"index":"index","follow":"follow","max-snippet":"max-snippet:-1","max-image-preview":"max-image-preview:large","max-video-preview":"max-video-preview:-1"},"canonical":"https:\/\/www.tktx-esklep.pl\/?page_id=10","og_locale":"pl_PL","og_type":"article","og_title":"Polityka zwrot\u00f3w i zwrot\u00f3w - TKTX","og_description":"Przegl\u0105d Nasza polityka zwrot\u00f3w i zwrot\u00f3w obowi\u0105zuje przez 30 dni. Je\u015bli od zakupu min\u0119\u0142o 30 dni, nie mo\u017cemy zapewni\u0107 pe\u0142nego zwrotu pieni\u0119dzy ani wymiany. Aby kwalifikowa\u0107 si\u0119 do zwrotu, produkt musi by\u0107 nieu\u017cywany i w takim samym stanie, w jakim go otrzyma\u0142e\u015b. Musi tak\u017ce znajdowa\u0107 si\u0119 w oryginalnym opakowaniu. Kilka rodzaj\u00f3w towar\u00f3w jest zwolnionych ze [&hellip;]","og_url":"https:\/\/www.tktx-esklep.pl\/?page_id=10","og_site_name":"TKTX","article_modified_time":"2024-04-03T05:59:32+00:00","twitter_card":"summary_large_image","twitter_misc":{"Szacowany czas czytania":"3 minuty"},"schema":{"@context":"https:\/\/schema.org","@graph":[{"@type":"WebPage","@id":"https:\/\/www.tktx-esklep.pl\/?page_id=10","url":"https:\/\/www.tktx-esklep.pl\/?page_id=10","name":"Polityka zwrot\u00f3w i zwrot\u00f3w - TKTX","isPartOf":{"@id":"https:\/\/www.tktx-esklep.pl\/#website"},"datePublished":"2022-04-09T04:54:03+00:00","dateModified":"2024-04-03T05:59:32+00:00","breadcrumb":{"@id":"https:\/\/www.tktx-esklep.pl\/?page_id=10#breadcrumb"},"inLanguage":"pl-PL","potentialAction":[{"@type":"ReadAction","target":["https:\/\/www.tktx-esklep.pl\/?page_id=10"]}]},{"@type":"BreadcrumbList","@id":"https:\/\/www.tktx-esklep.pl\/?page_id=10#breadcrumb","itemListElement":[{"@type":"ListItem","position":1,"name":"Home","item":"https:\/\/www.tktx-esklep.pl\/"},{"@type":"ListItem","position":2,"name":"Polityka zwrot\u00f3w i zwrot\u00f3w"}]},{"@type":"WebSite","@id":"https:\/\/www.tktx-esklep.pl\/#website","url":"https:\/\/www.tktx-esklep.pl\/","name":"TKTX","description":"Pi\u0119kno nie musi ju\u017c bole\u0107...","publisher":{"@id":"https:\/\/www.tktx-esklep.pl\/#organization"},"potentialAction":[{"@type":"SearchAction","target":{"@type":"EntryPoint","urlTemplate":"https:\/\/www.tktx-esklep.pl\/?s={search_term_string}"},"query-input":"required name=search_term_string"}],"inLanguage":"pl-PL"},{"@type":"Organization","@id":"https:\/\/www.tktx-esklep.pl\/#organization","name":"TKTX","url":"https:\/\/www.tktx-esklep.pl\/","logo":{"@type":"ImageObject","inLanguage":"pl-PL","@id":"https:\/\/www.tktx-esklep.pl\/#\/schema\/logo\/image\/","url":"https:\/\/www.tktx-esklep.pl\/wp-content\/uploads\/2022\/04\/cropped-cropped-Screen-Shot-2020-04-08-at-2.34.15-PM.png","contentUrl":"https:\/\/www.tktx-esklep.pl\/wp-content\/uploads\/2022\/04\/cropped-cropped-Screen-Shot-2020-04-08-at-2.34.15-PM.png","width":512,"height":512,"caption":"TKTX"},"image":{"@id":"https:\/\/www.tktx-esklep.pl\/#\/schema\/logo\/image\/"}}]}},"_links":{"self":[{"href":"https:\/\/www.tktx-esklep.pl\/index.php?rest_route=\/wp\/v2\/pages\/10","targetHints":{"allow":["GET"]}}],"collection":[{"href":"https:\/\/www.tktx-esklep.pl\/index.php?rest_route=\/wp\/v2\/pages"}],"about":[{"href":"https:\/\/www.tktx-esklep.pl\/index.php?rest_route=\/wp\/v2\/types\/page"}],"author":[{"embeddable":true,"href":"https:\/\/www.tktx-esklep.pl\/index.php?rest_route=\/wp\/v2\/users\/1"}],"replies":[{"embeddable":true,"href":"https:\/\/www.tktx-esklep.pl\/index.php?rest_route=%2Fwp%2Fv2%2Fcomments&post=10"}],"version-history":[{"count":5,"href":"https:\/\/www.tktx-esklep.pl\/index.php?rest_route=\/wp\/v2\/pages\/10\/revisions"}],"predecessor-version":[{"id":2208,"href":"https:\/\/www.tktx-esklep.pl\/index.php?rest_route=\/wp\/v2\/pages\/10\/revisions\/2208"}],"wp:attachment":[{"href":"https:\/\/www.tktx-esklep.pl\/index.php?rest_route=%2Fwp%2Fv2%2Fmedia&parent=10"}],"curies":[{"name":"wp","href":"https:\/\/api.w.org\/{rel}","templated":true}]}}