{"id":14,"date":"2022-04-21T06:46:03","date_gmt":"2022-04-21T04:46:03","guid":{"rendered":"https:\/\/www.dermacain.hu\/?page_id=14"},"modified":"2024-04-05T00:30:10","modified_gmt":"2024-04-04T22:30:10","slug":"erzestelenito-krem","status":"publish","type":"page","link":"https:\/\/www.tktx-esklep.pl\/?page_id=14","title":{"rendered":"Krem znieczulaj\u0105cy Dermacain"},"content":{"rendered":"<h3>Tatuowanie, Mezoterapia, Depilacja<\/h3>\n<p>Krem znieczulaj\u0105cy sprawia, \u017ce \u200b\u200bbolesne zabiegi na sk\u00f3rze staj\u0105 si\u0119 bardziej zno\u015bne dla Ciebie i Twoich klient\u00f3w. Pi\u0119kno nie musi bole\u0107&#8230;<\/p>\n<p><iframe loading=\"lazy\" title=\"Dermacain Krem znieczulaja\u0328cy\" width=\"760\" height=\"428\" src=\"https:\/\/www.youtube.com\/embed\/4gtV3WVmt98?feature=oembed\" frameborder=\"0\" allow=\"accelerometer; autoplay; clipboard-write; encrypted-media; gyroscope; picture-in-picture; web-share\" referrerpolicy=\"strict-origin-when-cross-origin\" allowfullscreen><\/iframe><\/p>\n<h2>Na co pomaga krem \u200b\u200bznieczulaj\u0105cy?<\/h2>\n<ul>\n<li>Tatua\u017c<\/li>\n<li>Makija\u017c permanentny (PMU, microblading)<\/li>\n<li>Derma roller \u2013 mezoterapia<\/li>\n<li>Depilacja<\/li>\n<li>Wstrzykni\u0119cie w sk\u00f3r\u0119<\/li>\n<li>Leczenie bolesnej sk\u00f3ry<\/li>\n<li>Przeszywaj\u0105cy<\/li>\n<li>Laserowe usuwanie tatua\u017cu<\/li>\n<\/ul>\n<h3>Jak to dzia\u0142a?<\/h3>\n<p>Krem zawiera lidokain\u0119, kt\u00f3ra jest \u015brodkiem znieczulaj\u0105cym miejscowo. Dzia\u0142a poprzez zatrzymanie przekazywania sygna\u0142\u00f3w nerwowych do m\u00f3zgu. Krem z lidokain\u0105 znacz\u0105co zmniejsza b\u00f3l podczas zabieg\u00f3w kosmetycznych sk\u00f3ry. Krem zawieraj\u0105cy lidokain\u0119 wnika g\u0142\u0119biej w warstwy sk\u00f3ry, \u0142agodzi b\u00f3l i usprawnia proces interwencji klienta. Wystarczy na\u0142o\u017cy\u0107 krem \u200b\u200bna leczon\u0105 cz\u0119\u015b\u0107 cia\u0142a, pozostawi\u0107 na 20 minut do wch\u0142oni\u0119cia si\u0119 kremu znieczulaj\u0105cego w sk\u00f3r\u0119. Pozosta\u0142\u0105 warstw\u0119 kremu wytrzyj r\u0119cznikiem. Twoja sk\u00f3ra jest teraz gotowa na leczenie.<\/p>\n<h3>Ogranicz frustracj\u0119 swojego klienta..<\/h3>\n<p>Je\u015bli pracujesz z lud\u017ami, doskonale wiesz, \u017ce nie ka\u017cdy radzi sobie z b\u00f3lem w ten sam spos\u00f3b. Niekt\u00f3rzy nowi klienci nie wracaj\u0105, poniewa\u017c maj\u0105 bolesne wspomnienia z pierwszego zabiegu. Wystarczy na\u0142o\u017cy\u0107 krem \u200b\u200bna niedo\u015bwiadczon\u0105 klientk\u0119 i uprzyjemni\u0107 sobie ju\u017c pierwszy zabieg. Dzi\u0119ki temu klient b\u0119dzie mniej si\u0119 rusza\u0142 i ponownie podda si\u0119 zabiegowi.<\/p>\n<h3>Por\u00f3wnanie z konkurencyjnymi kremami<\/h3>\n<h3><strong><img loading=\"lazy\" decoding=\"async\" class=\"aligncenter wp-image-2184 size-large\" src=\"https:\/\/www.tktx-esklep.pl\/wp-content\/uploads\/2024\/03\/IMG_20210530_153326-6-1024x768.jpg\" alt=\"Krem znieczulaj\u0105cy TKTX Dermacain\" width=\"760\" height=\"570\" srcset=\"https:\/\/www.tktx-esklep.pl\/wp-content\/uploads\/2024\/03\/IMG_20210530_153326-6-1024x768.jpg 1024w, https:\/\/www.tktx-esklep.pl\/wp-content\/uploads\/2024\/03\/IMG_20210530_153326-6-300x225.jpg 300w, https:\/\/www.tktx-esklep.pl\/wp-content\/uploads\/2024\/03\/IMG_20210530_153326-6-768x576.jpg 768w, https:\/\/www.tktx-esklep.pl\/wp-content\/uploads\/2024\/03\/IMG_20210530_153326-6-1536x1152.jpg 1536w, https:\/\/www.tktx-esklep.pl\/wp-content\/uploads\/2024\/03\/IMG_20210530_153326-6-2048x1536.jpg 2048w, https:\/\/www.tktx-esklep.pl\/wp-content\/uploads\/2024\/03\/IMG_20210530_153326-6-1320x990.jpg 1320w, https:\/\/www.tktx-esklep.pl\/wp-content\/uploads\/2024\/03\/IMG_20210530_153326-6-600x450.jpg 600w\" sizes=\"auto, (max-width: 760px) 100vw, 760px\" \/><\/strong><\/h3>\n<h3><strong>\u00a0<\/strong><\/h3>\n\n<table id=\"tablepress-3\" class=\"tablepress tablepress-id-3\">\n<thead>\n<tr class=\"row-1\">\n\t<th class=\"column-1\">Dermacain<\/th><th class=\"column-2\">TKTX<\/th>\n<\/tr>\n<\/thead>\n<tbody class=\"row-striping row-hover\">\n<tr class=\"row-2\">\n\t<td class=\"column-1\">Zawarto\u015b\u0107 lidokainy 15,6%<\/td><td class=\"column-2\">Zawarto\u015b\u0107 lidokainy 7%<\/td>\n<\/tr>\n<tr class=\"row-3\">\n\t<td class=\"column-1\">Wysokiej jako\u015bci krem \u200b\u200bz Korei Po\u0142udniowej<\/td><td class=\"column-2\">Wyprodukowano w Chinach<br \/>\n<\/td>\n<\/tr>\n<tr class=\"row-4\">\n\t<td class=\"column-1\">30 gram\u00f3w za 89 PLN<\/td><td class=\"column-2\">10 gram\u00f3w za 49 PLN<\/td>\n<\/tr>\n<\/tbody>\n<\/table>\n<!-- #tablepress-3 from cache -->\n<h3>Sk\u0105d pochodzi krem \u200b\u200bznieczulaj\u0105cy?<\/h3>\n<p>Krem zosta\u0142 opracowany w laboratoriach Biopharma w Korei Po\u0142udniowej. Gwarantujemy jako\u015b\u0107 swoich produkt\u00f3w. Krem sprzedajemy ju\u017c dwa lata i jeszcze nie spotkali\u015bmy si\u0119 z negatywn\u0105 opini\u0105 na temat kremu Dermacain.<\/p>\n<h3>Jakie s\u0105 skutki uboczne?<\/h3>\n<p>Do najcz\u0119stszych skutk\u00f3w ubocznych zalicza si\u0119 sw\u0119dzenie lub chwilowe przebarwienie leczonego obszaru sk\u00f3ry. Reakcje alergiczne na lidokain\u0119 wyst\u0119puj\u0105 bardzo rzadko.<\/p>\n<h3>Satysfakcja konsumenta<\/h3>\n<p>Zadowolenie naszych klient\u00f3w i naszych klient\u00f3w jest naszym priorytetem. Dok\u0142adamy wszelkich stara\u0144, aby dostarczany krem \u200b\u200bzawiera\u0142 najwy\u017csz\u0105 dost\u0119pn\u0105 na rynku zawarto\u015b\u0107 \u015brodk\u00f3w znieczulaj\u0105cych, tak aby Klienci mogli otrzyma\u0107 mo\u017cliwie najprzyjemniejszy zabieg. Cenimy naszych klient\u00f3w, dlatego ch\u0119tnie do nas wracaj\u0105.<\/p>\n<h3>Darmowa dostawa<\/h3>\n<p><img loading=\"lazy\" decoding=\"async\" class=\"wp-image-2186 size-medium alignright\" src=\"https:\/\/www.tktx-esklep.pl\/wp-content\/uploads\/2024\/03\/Add-a-subheading-300x210.png\" alt=\"Krem znieczulaj\u0105cy TKTX 75% Dermacain\" width=\"300\" height=\"210\" srcset=\"https:\/\/www.tktx-esklep.pl\/wp-content\/uploads\/2024\/03\/Add-a-subheading-300x210.png 300w, https:\/\/www.tktx-esklep.pl\/wp-content\/uploads\/2024\/03\/Add-a-subheading-500x350.png 500w, https:\/\/www.tktx-esklep.pl\/wp-content\/uploads\/2024\/03\/Add-a-subheading-600x421.png 600w, https:\/\/www.tktx-esklep.pl\/wp-content\/uploads\/2024\/03\/Add-a-subheading.png 612w\" sizes=\"auto, (max-width: 300px) 100vw, 300px\" \/><\/p>\n<p>&nbsp;<\/p>\n<p>Wszystkie opakowania krem\u00f3w znieczulaj\u0105cych wysy\u0142amy mo\u017cliwie najszybciej (najlepiej w dniu zam\u00f3wienia).<\/p>\n<p>Wysy\u0142ka jest bezp\u0142atna.<\/p>\n<p><iframe loading=\"lazy\" title=\"Dermacain Krem znieczulaj\u0105cy do tatua\u017cu\" width=\"760\" height=\"428\" src=\"https:\/\/www.youtube.com\/embed\/__AtagT-WGQ?feature=oembed\" frameborder=\"0\" allow=\"accelerometer; autoplay; clipboard-write; encrypted-media; gyroscope; picture-in-picture; web-share\" referrerpolicy=\"strict-origin-when-cross-origin\" allowfullscreen><\/iframe><\/p>\n<p>&nbsp;<\/p>\n<h3 style=\"text-align: center;\">Wybierz spo\u015br\u00f3d produkt\u00f3w<\/h3>\n<p><a href=\"https:\/\/www.tktx-esklep.pl\/?product=erzestelenito-krem-dermacain-30g\"><img loading=\"lazy\" decoding=\"async\" class=\"aligncenter wp-image-2192 size-large\" src=\"https:\/\/www.tktx-esklep.pl\/wp-content\/uploads\/2024\/04\/Dermacain-30-PL-881x1024.png\" alt=\"Krem znieczulaj\u0105cy TKTX Dermacain\" width=\"760\" height=\"883\" srcset=\"https:\/\/www.tktx-esklep.pl\/wp-content\/uploads\/2024\/04\/Dermacain-30-PL-881x1024.png 881w, https:\/\/www.tktx-esklep.pl\/wp-content\/uploads\/2024\/04\/Dermacain-30-PL-258x300.png 258w, https:\/\/www.tktx-esklep.pl\/wp-content\/uploads\/2024\/04\/Dermacain-30-PL-768x892.png 768w, https:\/\/www.tktx-esklep.pl\/wp-content\/uploads\/2024\/04\/Dermacain-30-PL-1322x1536.png 1322w, https:\/\/www.tktx-esklep.pl\/wp-content\/uploads\/2024\/04\/Dermacain-30-PL-1320x1534.png 1320w, https:\/\/www.tktx-esklep.pl\/wp-content\/uploads\/2024\/04\/Dermacain-30-PL-300x349.png 300w, https:\/\/www.tktx-esklep.pl\/wp-content\/uploads\/2024\/04\/Dermacain-30-PL-600x697.png 600w, https:\/\/www.tktx-esklep.pl\/wp-content\/uploads\/2024\/04\/Dermacain-30-PL.png 1333w\" sizes=\"auto, (max-width: 760px) 100vw, 760px\" \/><\/a><\/p>\n<p><a href=\"https:\/\/www.tktx-esklep.pl\/?product=erzestelenito-krem-dermacain-50g\"><img loading=\"lazy\" decoding=\"async\" class=\"aligncenter wp-image-2193 size-large\" src=\"https:\/\/www.tktx-esklep.pl\/wp-content\/uploads\/2024\/04\/Dermacain-50-PL-924x1024.png\" alt=\"Krem znieczulaj\u0105cy TKTX Dermacain\" width=\"760\" height=\"842\" srcset=\"https:\/\/www.tktx-esklep.pl\/wp-content\/uploads\/2024\/04\/Dermacain-50-PL-924x1024.png 924w, https:\/\/www.tktx-esklep.pl\/wp-content\/uploads\/2024\/04\/Dermacain-50-PL-271x300.png 271w, https:\/\/www.tktx-esklep.pl\/wp-content\/uploads\/2024\/04\/Dermacain-50-PL-768x851.png 768w, https:\/\/www.tktx-esklep.pl\/wp-content\/uploads\/2024\/04\/Dermacain-50-PL-1386x1536.png 1386w, https:\/\/www.tktx-esklep.pl\/wp-content\/uploads\/2024\/04\/Dermacain-50-PL-1320x1463.png 1320w, https:\/\/www.tktx-esklep.pl\/wp-content\/uploads\/2024\/04\/Dermacain-50-PL-300x332.png 300w, https:\/\/www.tktx-esklep.pl\/wp-content\/uploads\/2024\/04\/Dermacain-50-PL-600x665.png 600w, https:\/\/www.tktx-esklep.pl\/wp-content\/uploads\/2024\/04\/Dermacain-50-PL.png 1389w\" sizes=\"auto, (max-width: 760px) 100vw, 760px\" \/><\/a><\/p>\n<div id=\"attachment_121\" style=\"width: 332px\" class=\"wp-caption aligncenter\"><a href=\"https:\/\/www.tktx-esklep.pl\/?page_id=194\"><img loading=\"lazy\" decoding=\"async\" aria-describedby=\"caption-attachment-121\" class=\"wp-image-121 size-full\" src=\"https:\/\/www.tktx-esklep.pl\/wp-content\/uploads\/2022\/07\/download.png\" alt=\"Krem znieczulaj\u0105cy TKTX Dermacain\" width=\"322\" height=\"119\" srcset=\"https:\/\/www.tktx-esklep.pl\/wp-content\/uploads\/2022\/07\/download.png 322w, https:\/\/www.tktx-esklep.pl\/wp-content\/uploads\/2022\/07\/download-300x111.png 300w\" sizes=\"auto, (max-width: 322px) 100vw, 322px\" \/><\/a><p id=\"caption-attachment-121\" class=\"wp-caption-text\">Kliknij tutaj, aby wej\u015b\u0107 do sklepu TKTX<\/p><\/div>\n<p style=\"text-align: center;\">\n","protected":false},"excerpt":{"rendered":"<p>Tatuowanie, Mezoterapia, Depilacja Krem znieczulaj\u0105cy sprawia, \u017ce \u200b\u200bbolesne zabiegi na sk\u00f3rze staj\u0105 si\u0119 bardziej zno\u015bne dla Ciebie i Twoich klient\u00f3w. Pi\u0119kno nie musi bole\u0107&#8230; Na co pomaga krem \u200b\u200bznieczulaj\u0105cy? Tatua\u017c Makija\u017c permanentny (PMU, microblading) Derma roller \u2013 mezoterapia Depilacja Wstrzykni\u0119cie w sk\u00f3r\u0119 Leczenie bolesnej sk\u00f3ry Przeszywaj\u0105cy Laserowe usuwanie tatua\u017cu Jak to dzia\u0142a? Krem zawiera lidokain\u0119, [&hellip;]<\/p>\n","protected":false},"author":1,"featured_media":0,"parent":0,"menu_order":0,"comment_status":"closed","ping_status":"closed","template":"","meta":{"_monsterinsights_skip_tracking":false,"_monsterinsights_sitenote_active":false,"_monsterinsights_sitenote_note":"","_monsterinsights_sitenote_category":0,"footnotes":""},"class_list":["post-14","page","type-page","status-publish","hentry"],"yoast_head":"<!-- This site is optimized with the Yoast SEO plugin v22.4 - https:\/\/yoast.com\/wordpress\/plugins\/seo\/ -->\n<title>Krem znieczulaj\u0105cy Dermacain - TKTX<\/title>\n<meta name=\"description\" content=\"Specjalizujemy si\u0119 w usuwaniu b\u00f3lu podczas tatua\u017cy, depilacji, mezoterapii i innych zabieg\u00f3w estetycznych sk\u00f3ry z u\u017cyciem silnego kremu znieczulaj\u0105cego.\" \/>\n<meta name=\"robots\" content=\"index, follow, max-snippet:-1, max-image-preview:large, max-video-preview:-1\" \/>\n<link rel=\"canonical\" href=\"https:\/\/www.tktx-esklep.pl\/?page_id=14\" \/>\n<meta property=\"og:locale\" content=\"pl_PL\" \/>\n<meta property=\"og:type\" content=\"article\" \/>\n<meta property=\"og:title\" content=\"Krem znieczulaj\u0105cy Dermacain - TKTX\" \/>\n<meta property=\"og:description\" content=\"Specjalizujemy si\u0119 w usuwaniu b\u00f3lu podczas tatua\u017cy, depilacji, mezoterapii i innych zabieg\u00f3w estetycznych sk\u00f3ry z u\u017cyciem silnego kremu znieczulaj\u0105cego.\" \/>\n<meta property=\"og:url\" content=\"https:\/\/www.tktx-esklep.pl\/?page_id=14\" \/>\n<meta property=\"og:site_name\" content=\"TKTX\" \/>\n<meta property=\"article:modified_time\" content=\"2024-04-04T22:30:10+00:00\" \/>\n<meta property=\"og:image\" content=\"https:\/\/www.tktx-esklep.pl\/wp-content\/uploads\/2024\/03\/IMG_20210530_153326-6-1024x768.jpg\" \/>\n<meta name=\"twitter:card\" content=\"summary_large_image\" \/>\n<meta name=\"twitter:label1\" content=\"Szacowany czas czytania\" \/>\n\t<meta name=\"twitter:data1\" content=\"3 minuty\" \/>\n<script type=\"application\/ld+json\" class=\"yoast-schema-graph\">{\"@context\":\"https:\/\/schema.org\",\"@graph\":[{\"@type\":\"WebPage\",\"@id\":\"https:\/\/www.tktx-esklep.pl\/?page_id=14\",\"url\":\"https:\/\/www.tktx-esklep.pl\/?page_id=14\",\"name\":\"Krem znieczulaj\u0105cy Dermacain - TKTX\",\"isPartOf\":{\"@id\":\"https:\/\/www.tktx-esklep.pl\/#website\"},\"primaryImageOfPage\":{\"@id\":\"https:\/\/www.tktx-esklep.pl\/?page_id=14#primaryimage\"},\"image\":{\"@id\":\"https:\/\/www.tktx-esklep.pl\/?page_id=14#primaryimage\"},\"thumbnailUrl\":\"https:\/\/www.tktx-esklep.pl\/wp-content\/uploads\/2024\/03\/IMG_20210530_153326-6-1024x768.jpg\",\"datePublished\":\"2022-04-21T04:46:03+00:00\",\"dateModified\":\"2024-04-04T22:30:10+00:00\",\"description\":\"Specjalizujemy si\u0119 w usuwaniu b\u00f3lu podczas tatua\u017cy, depilacji, mezoterapii i innych zabieg\u00f3w estetycznych sk\u00f3ry z u\u017cyciem silnego kremu znieczulaj\u0105cego.\",\"breadcrumb\":{\"@id\":\"https:\/\/www.tktx-esklep.pl\/?page_id=14#breadcrumb\"},\"inLanguage\":\"pl-PL\",\"potentialAction\":[{\"@type\":\"ReadAction\",\"target\":[\"https:\/\/www.tktx-esklep.pl\/?page_id=14\"]}]},{\"@type\":\"ImageObject\",\"inLanguage\":\"pl-PL\",\"@id\":\"https:\/\/www.tktx-esklep.pl\/?page_id=14#primaryimage\",\"url\":\"https:\/\/www.tktx-esklep.pl\/wp-content\/uploads\/2024\/03\/IMG_20210530_153326-6-scaled.jpg\",\"contentUrl\":\"https:\/\/www.tktx-esklep.pl\/wp-content\/uploads\/2024\/03\/IMG_20210530_153326-6-scaled.jpg\",\"width\":2560,\"height\":1920},{\"@type\":\"BreadcrumbList\",\"@id\":\"https:\/\/www.tktx-esklep.pl\/?page_id=14#breadcrumb\",\"itemListElement\":[{\"@type\":\"ListItem\",\"position\":1,\"name\":\"Home\",\"item\":\"https:\/\/www.tktx-esklep.pl\/\"},{\"@type\":\"ListItem\",\"position\":2,\"name\":\"Krem znieczulaj\u0105cy Dermacain\"}]},{\"@type\":\"WebSite\",\"@id\":\"https:\/\/www.tktx-esklep.pl\/#website\",\"url\":\"https:\/\/www.tktx-esklep.pl\/\",\"name\":\"TKTX\",\"description\":\"Pi\u0119kno nie musi ju\u017c bole\u0107...\",\"publisher\":{\"@id\":\"https:\/\/www.tktx-esklep.pl\/#organization\"},\"potentialAction\":[{\"@type\":\"SearchAction\",\"target\":{\"@type\":\"EntryPoint\",\"urlTemplate\":\"https:\/\/www.tktx-esklep.pl\/?s={search_term_string}\"},\"query-input\":\"required name=search_term_string\"}],\"inLanguage\":\"pl-PL\"},{\"@type\":\"Organization\",\"@id\":\"https:\/\/www.tktx-esklep.pl\/#organization\",\"name\":\"TKTX\",\"url\":\"https:\/\/www.tktx-esklep.pl\/\",\"logo\":{\"@type\":\"ImageObject\",\"inLanguage\":\"pl-PL\",\"@id\":\"https:\/\/www.tktx-esklep.pl\/#\/schema\/logo\/image\/\",\"url\":\"https:\/\/www.tktx-esklep.pl\/wp-content\/uploads\/2022\/04\/cropped-cropped-Screen-Shot-2020-04-08-at-2.34.15-PM.png\",\"contentUrl\":\"https:\/\/www.tktx-esklep.pl\/wp-content\/uploads\/2022\/04\/cropped-cropped-Screen-Shot-2020-04-08-at-2.34.15-PM.png\",\"width\":512,\"height\":512,\"caption\":\"TKTX\"},\"image\":{\"@id\":\"https:\/\/www.tktx-esklep.pl\/#\/schema\/logo\/image\/\"}}]}<\/script>\n<!-- \/ Yoast SEO plugin. -->","yoast_head_json":{"title":"Krem znieczulaj\u0105cy Dermacain - TKTX","description":"Specjalizujemy si\u0119 w usuwaniu b\u00f3lu podczas tatua\u017cy, depilacji, mezoterapii i innych zabieg\u00f3w estetycznych sk\u00f3ry z u\u017cyciem silnego kremu znieczulaj\u0105cego.","robots":{"index":"index","follow":"follow","max-snippet":"max-snippet:-1","max-image-preview":"max-image-preview:large","max-video-preview":"max-video-preview:-1"},"canonical":"https:\/\/www.tktx-esklep.pl\/?page_id=14","og_locale":"pl_PL","og_type":"article","og_title":"Krem znieczulaj\u0105cy Dermacain - TKTX","og_description":"Specjalizujemy si\u0119 w usuwaniu b\u00f3lu podczas tatua\u017cy, depilacji, mezoterapii i innych zabieg\u00f3w estetycznych sk\u00f3ry z u\u017cyciem silnego kremu znieczulaj\u0105cego.","og_url":"https:\/\/www.tktx-esklep.pl\/?page_id=14","og_site_name":"TKTX","article_modified_time":"2024-04-04T22:30:10+00:00","og_image":[{"url":"https:\/\/www.tktx-esklep.pl\/wp-content\/uploads\/2024\/03\/IMG_20210530_153326-6-1024x768.jpg"}],"twitter_card":"summary_large_image","twitter_misc":{"Szacowany czas czytania":"3 minuty"},"schema":{"@context":"https:\/\/schema.org","@graph":[{"@type":"WebPage","@id":"https:\/\/www.tktx-esklep.pl\/?page_id=14","url":"https:\/\/www.tktx-esklep.pl\/?page_id=14","name":"Krem znieczulaj\u0105cy Dermacain - TKTX","isPartOf":{"@id":"https:\/\/www.tktx-esklep.pl\/#website"},"primaryImageOfPage":{"@id":"https:\/\/www.tktx-esklep.pl\/?page_id=14#primaryimage"},"image":{"@id":"https:\/\/www.tktx-esklep.pl\/?page_id=14#primaryimage"},"thumbnailUrl":"https:\/\/www.tktx-esklep.pl\/wp-content\/uploads\/2024\/03\/IMG_20210530_153326-6-1024x768.jpg","datePublished":"2022-04-21T04:46:03+00:00","dateModified":"2024-04-04T22:30:10+00:00","description":"Specjalizujemy si\u0119 w usuwaniu b\u00f3lu podczas tatua\u017cy, depilacji, mezoterapii i innych zabieg\u00f3w estetycznych sk\u00f3ry z u\u017cyciem silnego kremu znieczulaj\u0105cego.","breadcrumb":{"@id":"https:\/\/www.tktx-esklep.pl\/?page_id=14#breadcrumb"},"inLanguage":"pl-PL","potentialAction":[{"@type":"ReadAction","target":["https:\/\/www.tktx-esklep.pl\/?page_id=14"]}]},{"@type":"ImageObject","inLanguage":"pl-PL","@id":"https:\/\/www.tktx-esklep.pl\/?page_id=14#primaryimage","url":"https:\/\/www.tktx-esklep.pl\/wp-content\/uploads\/2024\/03\/IMG_20210530_153326-6-scaled.jpg","contentUrl":"https:\/\/www.tktx-esklep.pl\/wp-content\/uploads\/2024\/03\/IMG_20210530_153326-6-scaled.jpg","width":2560,"height":1920},{"@type":"BreadcrumbList","@id":"https:\/\/www.tktx-esklep.pl\/?page_id=14#breadcrumb","itemListElement":[{"@type":"ListItem","position":1,"name":"Home","item":"https:\/\/www.tktx-esklep.pl\/"},{"@type":"ListItem","position":2,"name":"Krem znieczulaj\u0105cy Dermacain"}]},{"@type":"WebSite","@id":"https:\/\/www.tktx-esklep.pl\/#website","url":"https:\/\/www.tktx-esklep.pl\/","name":"TKTX","description":"Pi\u0119kno nie musi ju\u017c bole\u0107...","publisher":{"@id":"https:\/\/www.tktx-esklep.pl\/#organization"},"potentialAction":[{"@type":"SearchAction","target":{"@type":"EntryPoint","urlTemplate":"https:\/\/www.tktx-esklep.pl\/?s={search_term_string}"},"query-input":"required name=search_term_string"}],"inLanguage":"pl-PL"},{"@type":"Organization","@id":"https:\/\/www.tktx-esklep.pl\/#organization","name":"TKTX","url":"https:\/\/www.tktx-esklep.pl\/","logo":{"@type":"ImageObject","inLanguage":"pl-PL","@id":"https:\/\/www.tktx-esklep.pl\/#\/schema\/logo\/image\/","url":"https:\/\/www.tktx-esklep.pl\/wp-content\/uploads\/2022\/04\/cropped-cropped-Screen-Shot-2020-04-08-at-2.34.15-PM.png","contentUrl":"https:\/\/www.tktx-esklep.pl\/wp-content\/uploads\/2022\/04\/cropped-cropped-Screen-Shot-2020-04-08-at-2.34.15-PM.png","width":512,"height":512,"caption":"TKTX"},"image":{"@id":"https:\/\/www.tktx-esklep.pl\/#\/schema\/logo\/image\/"}}]}},"_links":{"self":[{"href":"https:\/\/www.tktx-esklep.pl\/index.php?rest_route=\/wp\/v2\/pages\/14","targetHints":{"allow":["GET"]}}],"collection":[{"href":"https:\/\/www.tktx-esklep.pl\/index.php?rest_route=\/wp\/v2\/pages"}],"about":[{"href":"https:\/\/www.tktx-esklep.pl\/index.php?rest_route=\/wp\/v2\/types\/page"}],"author":[{"embeddable":true,"href":"https:\/\/www.tktx-esklep.pl\/index.php?rest_route=\/wp\/v2\/users\/1"}],"replies":[{"embeddable":true,"href":"https:\/\/www.tktx-esklep.pl\/index.php?rest_route=%2Fwp%2Fv2%2Fcomments&post=14"}],"version-history":[{"count":6,"href":"https:\/\/www.tktx-esklep.pl\/index.php?rest_route=\/wp\/v2\/pages\/14\/revisions"}],"predecessor-version":[{"id":2213,"href":"https:\/\/www.tktx-esklep.pl\/index.php?rest_route=\/wp\/v2\/pages\/14\/revisions\/2213"}],"wp:attachment":[{"href":"https:\/\/www.tktx-esklep.pl\/index.php?rest_route=%2Fwp%2Fv2%2Fmedia&parent=14"}],"curies":[{"name":"wp","href":"https:\/\/api.w.org\/{rel}","templated":true}]}}