{"id":2696,"date":"2025-07-21T15:32:39","date_gmt":"2025-07-21T13:32:39","guid":{"rendered":"https:\/\/www.tktx-esklep.pl\/?page_id=2696"},"modified":"2025-07-21T15:32:40","modified_gmt":"2025-07-21T13:32:40","slug":"%f0%9f%94%a5-tatuaz-bez-bolu-to-mozliwe-z-tktx-%f0%9f%94%a5","status":"publish","type":"page","link":"https:\/\/www.tktx-esklep.pl\/","title":{"rendered":"\ud83d\udd25 Tatua\u017c bez b\u00f3lu? To mo\u017cliwe z TKTX! \ud83d\udd25"},"content":{"rendered":"<div class=\"flex basis-auto flex-col -mb-(--composer-overlap-px) [--composer-overlap-px:55px] grow overflow-hidden\">\n<div class=\"relative h-full\">\n<div class=\"flex h-full flex-col overflow-y-auto [scrollbar-gutter:stable_both-edges] @[84rem]\/thread:pt-(--header-height)\">\n<div class=\"@thread-xl\/thread:pt-header-height flex flex-col text-sm pb-25\">\n<article class=\"text-token-text-primary w-full\" dir=\"auto\" data-testid=\"conversation-turn-14\" data-scroll-anchor=\"true\">\n<div class=\"text-base my-auto mx-auto py-5 [--thread-content-margin:--spacing(4)] @[37rem]:[--thread-content-margin:--spacing(6)] @[72rem]:[--thread-content-margin:--spacing(16)] px-(--thread-content-margin)\">\n<div class=\"[--thread-content-max-width:32rem] @[34rem]:[--thread-content-max-width:40rem] @[64rem]:[--thread-content-max-width:48rem] mx-auto flex max-w-(--thread-content-max-width) flex-1 text-base gap-4 md:gap-5 lg:gap-6 group\/turn-messages focus-visible:outline-hidden\" tabindex=\"-1\">\n<div class=\"group\/conversation-turn relative flex w-full min-w-0 flex-col agent-turn\">\n<div class=\"relative flex-col gap-1 md:gap-3\">\n<div class=\"flex max-w-full flex-col grow\">\n<div class=\"min-h-8 text-message relative flex w-full flex-col items-end gap-2 text-start break-words whitespace-normal [.text-message+&amp;]:mt-5\" dir=\"auto\" data-message-author-role=\"assistant\" data-message-id=\"1355ff2e-2898-4bc9-acb0-9c56103c6282\" data-message-model-slug=\"gpt-4-1-mini\">\n<div class=\"flex w-full flex-col gap-1 empty:hidden first:pt-[3px]\">\n<div class=\"markdown prose dark:prose-invert w-full break-words light\">\n<p data-start=\"379\" data-end=\"561\"><strong data-start=\"379\" data-end=\"427\">Nie musisz ju\u017c ba\u0107 si\u0119 b\u00f3lu podczas tatua\u017cu!<\/strong><br data-start=\"427\" data-end=\"430\" \/>Wyobra\u017a sobie sesj\u0119 u tatuatora, gdzie <strong data-start=\"469\" data-end=\"503\">czujesz tylko komfort i relaks<\/strong>, a ig\u0142y przesuwaj\u0105 si\u0119 po sk\u00f3rze bez \u017cadnego dyskomfortu.<\/p>\n<p data-start=\"563\" data-end=\"634\"><strong data-start=\"563\" data-end=\"634\">J<\/strong><strong data-start=\"563\" data-end=\"634\">ak to mo\u017cliwe? Z TKTX \u2013 najlepszym kremem znieczulaj\u0105cym na rynku!<\/strong><\/p>\n<hr data-start=\"636\" data-end=\"639\" \/>\n<h3 data-start=\"641\" data-end=\"696\">\ud83d\udcaa <strong data-start=\"648\" data-end=\"696\">Dlaczego TKTX jest Twoim najlepszym wyborem?<\/strong><\/h3>\n<p data-start=\"698\" data-end=\"841\">To krem, kt\u00f3remu zaufa\u0142y tysi\u0105ce os\u00f3b i profesjonali\u015bci na ca\u0142ym \u015bwiecie.<br data-start=\"771\" data-end=\"774\" \/>Z TKTX ka\u017cdy tatua\u017c staje si\u0119 przyjemno\u015bci\u0105 \u2013 bez b\u00f3lu, bez stresu.<\/p>\n<ul data-start=\"843\" data-end=\"1000\">\n<li data-start=\"843\" data-end=\"896\">\n<p data-start=\"845\" data-end=\"896\">\ud83d\udcaf <strong data-start=\"848\" data-end=\"894\">Rekomendowany przez najlepszych tatuator\u00f3w<\/strong><\/p>\n<\/li>\n<li data-start=\"897\" data-end=\"948\">\n<p data-start=\"899\" data-end=\"948\">\ud83d\udcaf <strong data-start=\"902\" data-end=\"946\">Dost\u0119pny w trzech mocach: 40%, 55% i 75%<\/strong><\/p>\n<\/li>\n<li data-start=\"949\" data-end=\"1000\">\n<p data-start=\"951\" data-end=\"1000\">\ud83d\udcaf <strong data-start=\"954\" data-end=\"1000\">Gwarancja satysfakcji albo zwrot pieni\u0119dzy<\/strong><\/p>\n<\/li>\n<\/ul>\n<hr data-start=\"1002\" data-end=\"1005\" \/>\n<h3 data-start=\"1007\" data-end=\"1042\">\ud83c\udfaf <strong data-start=\"1014\" data-end=\"1042\">Jak\u0105 wersj\u0119 TKTX wybra\u0107?<\/strong><\/h3>\n<h4 data-start=\"1044\" data-end=\"1066\">\ud83d\udd39 <strong data-start=\"1052\" data-end=\"1064\">TKTX 40%<\/strong><\/h4>\n<p data-start=\"1067\" data-end=\"1188\"><em data-start=\"1067\" data-end=\"1134\">Krem startowy, idealny na mniejsze tatua\u017ce i makija\u017c permanentny.<\/em><br data-start=\"1134\" data-end=\"1137\" \/>Zapewnia skuteczne znieczulenie na oko\u0142o 2 godziny.<\/p>\n<h4 data-start=\"1190\" data-end=\"1217\">\ud83d\udd39 <strong data-start=\"1198\" data-end=\"1215\">TKTX 55% Gold<\/strong><\/h4>\n<p data-start=\"1218\" data-end=\"1299\"><em data-start=\"1218\" data-end=\"1259\">Doskona\u0142y kompromis mi\u0119dzy moc\u0105 a cen\u0105.<\/em><br data-start=\"1259\" data-end=\"1262\" \/>Chroni przed b\u00f3lem przez 2\u20133 godziny.<\/p>\n<h4 data-start=\"1301\" data-end=\"1329\">\ud83d\udd39 <strong data-start=\"1309\" data-end=\"1327\">TKTX 75% Black<\/strong><\/h4>\n<p data-start=\"1330\" data-end=\"1429\"><em data-start=\"1330\" data-end=\"1372\">Najszybsze i najsilniejsze znieczulenie.<\/em><br data-start=\"1372\" data-end=\"1375\" \/>Perfekcyjny na d\u0142ugie sesje i bardzo wra\u017cliwe miejsca.<\/p>\n<p data-start=\"1431\" data-end=\"1478\">\ud83d\ude80 <strong data-start=\"1434\" data-end=\"1478\">Kup 3 sztuki i otrzymaj darmow\u0105 wysy\u0142k\u0119!<\/strong><\/p>\n<hr data-start=\"1480\" data-end=\"1483\" \/>\n<h3 data-start=\"1485\" data-end=\"1513\">\ud83d\udca1 <strong data-start=\"1492\" data-end=\"1513\">Co wyr\u00f3\u017cnia TKTX?<\/strong><\/h3>\n<p data-start=\"1515\" data-end=\"1799\">\u2714\ufe0f <strong data-start=\"1518\" data-end=\"1555\">Tatua\u017c bez b\u00f3lu \u2013 poczuj r\u00f3\u017cnic\u0119!<\/strong><br data-start=\"1555\" data-end=\"1558\" \/>\u2714\ufe0f <strong data-start=\"1561\" data-end=\"1620\">Bezpieczny dla delikatnych miejsc: \u017cebra, szyja, d\u0142onie<\/strong><br data-start=\"1620\" data-end=\"1623\" \/>\u2714\ufe0f <strong data-start=\"1626\" data-end=\"1691\">Skraca czas pracy tatuatora dzi\u0119ki lepszej wsp\u00f3\u0142pracy klienta<\/strong><br data-start=\"1691\" data-end=\"1694\" \/>\u2714\ufe0f <strong data-start=\"1697\" data-end=\"1747\">Mniejsze krwawienie i obrz\u0119ki \u2013 lepsze gojenie<\/strong><br data-start=\"1747\" data-end=\"1750\" \/>\u2714\ufe0f <strong data-start=\"1753\" data-end=\"1799\">100% oryginalny produkt \u2013 \u017cadnych podr\u00f3bek<\/strong><\/p>\n<hr data-start=\"1801\" data-end=\"1804\" \/>\n<h3 data-start=\"1806\" data-end=\"1846\">\ud83d\udee0 <strong data-start=\"1813\" data-end=\"1846\">Jak prawid\u0142owo stosowa\u0107 TKTX?<\/strong><\/h3>\n<p><iframe loading=\"lazy\" title=\"Dermacain Krem znieczulaj\u0105cy do tatua\u017cu\" width=\"760\" height=\"428\" src=\"https:\/\/www.youtube.com\/embed\/__AtagT-WGQ?feature=oembed\" frameborder=\"0\" allow=\"accelerometer; autoplay; clipboard-write; encrypted-media; gyroscope; picture-in-picture; web-share\" referrerpolicy=\"strict-origin-when-cross-origin\" allowfullscreen><\/iframe><\/p>\n<p data-start=\"1911\" data-end=\"2133\">1\ufe0f\u20e3 Umyj i osusz miejsce aplikacji.<br data-start=\"1946\" data-end=\"1949\" \/>2\ufe0f\u20e3 Na\u0142\u00f3\u017c grub\u0105 warstw\u0119 kremu, nie wcieraj!<br data-start=\"1992\" data-end=\"1995\" \/>3\ufe0f\u20e3 Zakryj foli\u0105 spo\u017cywcz\u0105 i odczekaj 30\u201340 minut.<br data-start=\"2045\" data-end=\"2048\" \/>4\ufe0f\u20e3 Usu\u0144 foli\u0119 i przetrzyj wilgotn\u0105 chusteczk\u0105.<br data-start=\"2095\" data-end=\"2098\" \/>5\ufe0f\u20e3 Ciesz si\u0119 bezbolesnym tatua\u017cem!<\/p>\n<p data-start=\"2135\" data-end=\"2209\">\ud83d\udca1 Je\u015bli planujesz d\u0142ug\u0105 sesj\u0119, powt\u00f3rz aplikacj\u0119 na kolejne partie sk\u00f3ry.<\/p>\n<hr data-start=\"2211\" data-end=\"2214\" \/>\n<h3 data-start=\"2216\" data-end=\"2251\">\ud83d\udcac <strong data-start=\"2223\" data-end=\"2251\">Opinie u\u017cytkownik\u00f3w TKTX<\/strong><\/h3>\n<p data-start=\"2253\" data-end=\"2375\"><strong data-start=\"2253\" data-end=\"2272\">Micha\u0142, 31 lat:<\/strong><br data-start=\"2272\" data-end=\"2275\" \/><em data-start=\"2275\" data-end=\"2375\">&#8220;By\u0142em sceptyczny, ale TKTX naprawd\u0119 dzia\u0142a \u2013 4 godziny bez b\u00f3lu! M\u00f3j tatuator by\u0142 pod wra\u017ceniem!&#8221;<\/em><\/p>\n<p data-start=\"2377\" data-end=\"2487\"><strong data-start=\"2377\" data-end=\"2399\">Agnieszka, 27 lat:<\/strong><br data-start=\"2399\" data-end=\"2402\" \/><em data-start=\"2402\" data-end=\"2487\">&#8220;Tatua\u017c na \u017cebrach? Bez TKTX bym si\u0119 nie zdecydowa\u0142a. Teraz to czysta przyjemno\u015b\u0107!&#8221;<\/em><\/p>\n<p data-start=\"2489\" data-end=\"2616\"><strong data-start=\"2489\" data-end=\"2509\">Pawe\u0142, tatuator:<\/strong><br data-start=\"2509\" data-end=\"2512\" \/><em data-start=\"2512\" data-end=\"2616\">&#8220;Dzi\u0119ki TKTX moja praca jest szybsza i bardziej precyzyjna. Klienci s\u0105 spokojniejsi, a linie idealne.&#8221;<\/em><\/p>\n<p data-start=\"2489\" data-end=\"2616\"><img loading=\"lazy\" decoding=\"async\" class=\"aligncenter size-full wp-image-2590\" src=\"https:\/\/www.tktx-esklep.pl\/wp-content\/uploads\/2025\/02\/5.jpg\" alt=\"\" width=\"945\" height=\"700\" srcset=\"https:\/\/www.tktx-esklep.pl\/wp-content\/uploads\/2025\/02\/5.jpg 945w, https:\/\/www.tktx-esklep.pl\/wp-content\/uploads\/2025\/02\/5-300x222.jpg 300w, https:\/\/www.tktx-esklep.pl\/wp-content\/uploads\/2025\/02\/5-768x569.jpg 768w, https:\/\/www.tktx-esklep.pl\/wp-content\/uploads\/2025\/02\/5-600x444.jpg 600w\" sizes=\"auto, (max-width: 945px) 100vw, 945px\" \/><\/p>\n<hr data-start=\"2618\" data-end=\"2621\" \/>\n<h3 data-start=\"2623\" data-end=\"2672\">\ud83d\ude80 <strong data-start=\"2630\" data-end=\"2672\">100% satysfakcji albo zwrot pieni\u0119dzy!<\/strong><\/h3>\n<p data-start=\"2674\" data-end=\"2766\">Jeste\u015bmy przekonani, \u017ce pokochasz TKTX. Je\u015bli jednak nie, zwr\u00f3cimy Ci pieni\u0105dze \u2013 bez pyta\u0144!<\/p>\n<p data-start=\"2768\" data-end=\"2893\">\ud83d\udcb0 Nie jeste\u015b zadowolony? Odeslij produkt i odbierz zwrot!<br data-start=\"2826\" data-end=\"2829\" \/>\ud83d\udce6 100% oryginalne kremy, szybka wysy\u0142ka \u2013 nawet na drugi dzie\u0144!<\/p>\n<hr data-start=\"2895\" data-end=\"2898\" \/>\n<h3 data-start=\"2900\" data-end=\"2948\">\ud83d\uded2 <strong data-start=\"2907\" data-end=\"2948\">Zam\u00f3w TKTX ju\u017c dzi\u015b i poczuj r\u00f3\u017cnic\u0119!<\/strong><\/h3>\n<p data-start=\"2950\" data-end=\"3111\">\u2705 Najmocniejszy krem znieczulaj\u0105cy na rynku<br data-start=\"2993\" data-end=\"2996\" \/>\ud83d\ude80 Wysy\u0142ka w 24h, darmowa przy zakupie 3 sztuk<br data-start=\"3042\" data-end=\"3045\" \/>\ud83d\udcde Profesjonalne doradztwo przy wyborze<br data-start=\"3084\" data-end=\"3087\" \/>\ud83d\udcb0 Gwarancja satysfakcji<\/p>\n<p data-start=\"3113\" data-end=\"3178\">\ud83d\udd25 Kliknij &#8220;<strong data-start=\"3125\" data-end=\"3140\">ZAM\u00d3W TERAZ<\/strong>&#8221; i zyskaj komfort podczas tatua\u017cu! \ud83d\udd25<\/p>\n<hr data-start=\"3180\" data-end=\"3183\" \/>\n<h3 data-start=\"3185\" data-end=\"3198\">Produkty:<\/h3>\n<p data-start=\"3200\" data-end=\"3246\">\ud83d\udcb0 Gwarancja zwrotu pieni\u0119dzy \u2013 bez ryzyka!<\/p>\n<\/div>\n<\/div>\n<\/div>\n<\/div>\n<div class=\"flex min-h-[46px] justify-start\"><\/div>\n<\/div>\n<\/div>\n<\/div>\n<\/div>\n<\/article>\n<\/div>\n<\/div>\n<\/div>\n<\/div>\n<h4 style=\"text-align: center;\">Wybierz kremy znieczulaj\u0105ce TKTX<\/h4>\n<p><a href=\"https:\/\/www.tktx-shop.pl\/?product=erzestelenito-krem-tktx-75\"><img loading=\"lazy\" decoding=\"async\" class=\"aligncenter wp-image-7 size-large\" src=\"https:\/\/www.tktx-do-tatuazu.pl\/wp-content\/uploads\/2025\/01\/TKTX-creme-75-1024x434.png\" alt=\" krem TKTX na tatua\u017ce\" width=\"640\" height=\"271\" \/><\/a> <a href=\"https:\/\/www.tktx-shop.pl\/?product=tetovalo-krem-tktx-40\"><img loading=\"lazy\" decoding=\"async\" class=\"aligncenter wp-image-8 size-large\" src=\"https:\/\/www.tktx-do-tatuazu.pl\/wp-content\/uploads\/2025\/01\/TKTX-krem-40-1024x377.png\" alt=\" krem TKTX na tatua\u017ce\" width=\"640\" height=\"236\" \/><\/a> <a href=\"https:\/\/www.tktx-shop.pl\/?product=erzestelenito-krem-tktx-55-gold\"><img loading=\"lazy\" decoding=\"async\" class=\"aligncenter wp-image-9 size-large\" src=\"https:\/\/www.tktx-do-tatuazu.pl\/wp-content\/uploads\/2025\/01\/TKTX-krem-55-1024x372.png\" alt=\" krem TKTX na tatua\u017ce\" width=\"640\" height=\"233\" \/><\/a><a href=\"https:\/\/www.tktx-shop.pl\/?product=3-darab-x-erzestelenito-krem-tktx-75-ingyenes-szallitas\"><img loading=\"lazy\" decoding=\"async\" class=\"aligncenter wp-image-6 size-large\" src=\"https:\/\/www.tktx-do-tatuazu.pl\/wp-content\/uploads\/2025\/01\/3x-PL-TKTX75-912x1024.png\" alt=\" krem TKTX na tatua\u017ce\" width=\"640\" height=\"719\" \/><\/a><\/p>\n<h4 style=\"text-align: center;\">Gwarancja satysfakcji<\/h4>\n<h4 style=\"text-align: center;\">Je\u015bli nie jeste\u015b zadowolony, ode\u015blij krem, a my zwr\u00f3cimy Ci pieni\u0105dze<\/h4>\n","protected":false},"excerpt":{"rendered":"<p>Nie musisz ju\u017c ba\u0107 si\u0119 b\u00f3lu podczas tatua\u017cu!Wyobra\u017a sobie sesj\u0119 u tatuatora, gdzie czujesz tylko komfort i relaks, a ig\u0142y przesuwaj\u0105 si\u0119 po sk\u00f3rze bez \u017cadnego dyskomfortu. Jak to mo\u017cliwe? Z TKTX \u2013 najlepszym kremem znieczulaj\u0105cym na rynku! \ud83d\udcaa Dlaczego TKTX jest Twoim najlepszym wyborem? To krem, kt\u00f3remu zaufa\u0142y tysi\u0105ce os\u00f3b i profesjonali\u015bci na ca\u0142ym [&hellip;]<\/p>\n","protected":false},"author":1,"featured_media":0,"parent":0,"menu_order":0,"comment_status":"closed","ping_status":"closed","template":"","meta":{"_monsterinsights_skip_tracking":false,"_monsterinsights_sitenote_active":false,"_monsterinsights_sitenote_note":"","_monsterinsights_sitenote_category":0,"footnotes":""},"class_list":["post-2696","page","type-page","status-publish","hentry"],"yoast_head":"<!-- This site is optimized with the Yoast SEO plugin v22.4 - https:\/\/yoast.com\/wordpress\/plugins\/seo\/ -->\n<title>\ud83d\udd25 Tatua\u017c bez b\u00f3lu? To mo\u017cliwe z TKTX! \ud83d\udd25 - TKTX<\/title>\n<meta name=\"description\" content=\"Chcesz tatua\u017c bez b\u00f3lu? TKTX to numer 1 w\u015br\u00f3d krem\u00f3w znieczulaj\u0105cych! Polecany przez tatuator\u00f3w, uwielbiany przez klient\u00f3w. 100% satysfakcji albo zwrot pieni\u0119dzy!\" \/>\n<meta name=\"robots\" content=\"index, follow, max-snippet:-1, max-image-preview:large, max-video-preview:-1\" \/>\n<link rel=\"canonical\" href=\"https:\/\/www.tktx-esklep.pl\/\" \/>\n<meta property=\"og:locale\" content=\"pl_PL\" \/>\n<meta property=\"og:type\" content=\"article\" \/>\n<meta property=\"og:title\" content=\"\ud83d\udd25 Tatua\u017c bez b\u00f3lu? To mo\u017cliwe z TKTX! \ud83d\udd25 - TKTX\" \/>\n<meta property=\"og:description\" content=\"Chcesz tatua\u017c bez b\u00f3lu? TKTX to numer 1 w\u015br\u00f3d krem\u00f3w znieczulaj\u0105cych! Polecany przez tatuator\u00f3w, uwielbiany przez klient\u00f3w. 100% satysfakcji albo zwrot pieni\u0119dzy!\" \/>\n<meta property=\"og:url\" content=\"https:\/\/www.tktx-esklep.pl\/\" \/>\n<meta property=\"og:site_name\" content=\"TKTX\" \/>\n<meta property=\"article:modified_time\" content=\"2025-07-21T13:32:40+00:00\" \/>\n<meta property=\"og:image\" content=\"https:\/\/www.tktx-esklep.pl\/wp-content\/uploads\/2025\/02\/5.jpg\" \/>\n<meta name=\"twitter:card\" content=\"summary_large_image\" \/>\n<meta name=\"twitter:label1\" content=\"Szacowany czas czytania\" \/>\n\t<meta name=\"twitter:data1\" content=\"4 minuty\" \/>\n<script type=\"application\/ld+json\" class=\"yoast-schema-graph\">{\"@context\":\"https:\/\/schema.org\",\"@graph\":[{\"@type\":\"WebPage\",\"@id\":\"https:\/\/www.tktx-esklep.pl\/\",\"url\":\"https:\/\/www.tktx-esklep.pl\/\",\"name\":\"\ud83d\udd25 Tatua\u017c bez b\u00f3lu? To mo\u017cliwe z TKTX! \ud83d\udd25 - TKTX\",\"isPartOf\":{\"@id\":\"https:\/\/www.tktx-esklep.pl\/#website\"},\"primaryImageOfPage\":{\"@id\":\"https:\/\/www.tktx-esklep.pl\/#primaryimage\"},\"image\":{\"@id\":\"https:\/\/www.tktx-esklep.pl\/#primaryimage\"},\"thumbnailUrl\":\"https:\/\/www.tktx-esklep.pl\/wp-content\/uploads\/2025\/02\/5.jpg\",\"datePublished\":\"2025-07-21T13:32:39+00:00\",\"dateModified\":\"2025-07-21T13:32:40+00:00\",\"description\":\"Chcesz tatua\u017c bez b\u00f3lu? TKTX to numer 1 w\u015br\u00f3d krem\u00f3w znieczulaj\u0105cych! Polecany przez tatuator\u00f3w, uwielbiany przez klient\u00f3w. 100% satysfakcji albo zwrot pieni\u0119dzy!\",\"breadcrumb\":{\"@id\":\"https:\/\/www.tktx-esklep.pl\/#breadcrumb\"},\"inLanguage\":\"pl-PL\",\"potentialAction\":[{\"@type\":\"ReadAction\",\"target\":[\"https:\/\/www.tktx-esklep.pl\/\"]}]},{\"@type\":\"ImageObject\",\"inLanguage\":\"pl-PL\",\"@id\":\"https:\/\/www.tktx-esklep.pl\/#primaryimage\",\"url\":\"https:\/\/www.tktx-esklep.pl\/wp-content\/uploads\/2025\/02\/5.jpg\",\"contentUrl\":\"https:\/\/www.tktx-esklep.pl\/wp-content\/uploads\/2025\/02\/5.jpg\",\"width\":945,\"height\":700},{\"@type\":\"BreadcrumbList\",\"@id\":\"https:\/\/www.tktx-esklep.pl\/#breadcrumb\",\"itemListElement\":[{\"@type\":\"ListItem\",\"position\":1,\"name\":\"Home\",\"item\":\"https:\/\/www.tktx-esklep.pl\/\"},{\"@type\":\"ListItem\",\"position\":2,\"name\":\"\ud83d\udd25 Tatua\u017c bez b\u00f3lu? To mo\u017cliwe z TKTX! \ud83d\udd25\"}]},{\"@type\":\"WebSite\",\"@id\":\"https:\/\/www.tktx-esklep.pl\/#website\",\"url\":\"https:\/\/www.tktx-esklep.pl\/\",\"name\":\"TKTX\",\"description\":\"Pi\u0119kno nie musi ju\u017c bole\u0107...\",\"publisher\":{\"@id\":\"https:\/\/www.tktx-esklep.pl\/#organization\"},\"potentialAction\":[{\"@type\":\"SearchAction\",\"target\":{\"@type\":\"EntryPoint\",\"urlTemplate\":\"https:\/\/www.tktx-esklep.pl\/?s={search_term_string}\"},\"query-input\":\"required name=search_term_string\"}],\"inLanguage\":\"pl-PL\"},{\"@type\":\"Organization\",\"@id\":\"https:\/\/www.tktx-esklep.pl\/#organization\",\"name\":\"TKTX\",\"url\":\"https:\/\/www.tktx-esklep.pl\/\",\"logo\":{\"@type\":\"ImageObject\",\"inLanguage\":\"pl-PL\",\"@id\":\"https:\/\/www.tktx-esklep.pl\/#\/schema\/logo\/image\/\",\"url\":\"https:\/\/www.tktx-esklep.pl\/wp-content\/uploads\/2022\/04\/cropped-cropped-Screen-Shot-2020-04-08-at-2.34.15-PM.png\",\"contentUrl\":\"https:\/\/www.tktx-esklep.pl\/wp-content\/uploads\/2022\/04\/cropped-cropped-Screen-Shot-2020-04-08-at-2.34.15-PM.png\",\"width\":512,\"height\":512,\"caption\":\"TKTX\"},\"image\":{\"@id\":\"https:\/\/www.tktx-esklep.pl\/#\/schema\/logo\/image\/\"}}]}<\/script>\n<!-- \/ Yoast SEO plugin. -->","yoast_head_json":{"title":"\ud83d\udd25 Tatua\u017c bez b\u00f3lu? To mo\u017cliwe z TKTX! \ud83d\udd25 - TKTX","description":"Chcesz tatua\u017c bez b\u00f3lu? TKTX to numer 1 w\u015br\u00f3d krem\u00f3w znieczulaj\u0105cych! Polecany przez tatuator\u00f3w, uwielbiany przez klient\u00f3w. 100% satysfakcji albo zwrot pieni\u0119dzy!","robots":{"index":"index","follow":"follow","max-snippet":"max-snippet:-1","max-image-preview":"max-image-preview:large","max-video-preview":"max-video-preview:-1"},"canonical":"https:\/\/www.tktx-esklep.pl\/","og_locale":"pl_PL","og_type":"article","og_title":"\ud83d\udd25 Tatua\u017c bez b\u00f3lu? To mo\u017cliwe z TKTX! \ud83d\udd25 - TKTX","og_description":"Chcesz tatua\u017c bez b\u00f3lu? TKTX to numer 1 w\u015br\u00f3d krem\u00f3w znieczulaj\u0105cych! Polecany przez tatuator\u00f3w, uwielbiany przez klient\u00f3w. 100% satysfakcji albo zwrot pieni\u0119dzy!","og_url":"https:\/\/www.tktx-esklep.pl\/","og_site_name":"TKTX","article_modified_time":"2025-07-21T13:32:40+00:00","og_image":[{"url":"https:\/\/www.tktx-esklep.pl\/wp-content\/uploads\/2025\/02\/5.jpg"}],"twitter_card":"summary_large_image","twitter_misc":{"Szacowany czas czytania":"4 minuty"},"schema":{"@context":"https:\/\/schema.org","@graph":[{"@type":"WebPage","@id":"https:\/\/www.tktx-esklep.pl\/","url":"https:\/\/www.tktx-esklep.pl\/","name":"\ud83d\udd25 Tatua\u017c bez b\u00f3lu? To mo\u017cliwe z TKTX! \ud83d\udd25 - TKTX","isPartOf":{"@id":"https:\/\/www.tktx-esklep.pl\/#website"},"primaryImageOfPage":{"@id":"https:\/\/www.tktx-esklep.pl\/#primaryimage"},"image":{"@id":"https:\/\/www.tktx-esklep.pl\/#primaryimage"},"thumbnailUrl":"https:\/\/www.tktx-esklep.pl\/wp-content\/uploads\/2025\/02\/5.jpg","datePublished":"2025-07-21T13:32:39+00:00","dateModified":"2025-07-21T13:32:40+00:00","description":"Chcesz tatua\u017c bez b\u00f3lu? TKTX to numer 1 w\u015br\u00f3d krem\u00f3w znieczulaj\u0105cych! Polecany przez tatuator\u00f3w, uwielbiany przez klient\u00f3w. 100% satysfakcji albo zwrot pieni\u0119dzy!","breadcrumb":{"@id":"https:\/\/www.tktx-esklep.pl\/#breadcrumb"},"inLanguage":"pl-PL","potentialAction":[{"@type":"ReadAction","target":["https:\/\/www.tktx-esklep.pl\/"]}]},{"@type":"ImageObject","inLanguage":"pl-PL","@id":"https:\/\/www.tktx-esklep.pl\/#primaryimage","url":"https:\/\/www.tktx-esklep.pl\/wp-content\/uploads\/2025\/02\/5.jpg","contentUrl":"https:\/\/www.tktx-esklep.pl\/wp-content\/uploads\/2025\/02\/5.jpg","width":945,"height":700},{"@type":"BreadcrumbList","@id":"https:\/\/www.tktx-esklep.pl\/#breadcrumb","itemListElement":[{"@type":"ListItem","position":1,"name":"Home","item":"https:\/\/www.tktx-esklep.pl\/"},{"@type":"ListItem","position":2,"name":"\ud83d\udd25 Tatua\u017c bez b\u00f3lu? To mo\u017cliwe z TKTX! \ud83d\udd25"}]},{"@type":"WebSite","@id":"https:\/\/www.tktx-esklep.pl\/#website","url":"https:\/\/www.tktx-esklep.pl\/","name":"TKTX","description":"Pi\u0119kno nie musi ju\u017c bole\u0107...","publisher":{"@id":"https:\/\/www.tktx-esklep.pl\/#organization"},"potentialAction":[{"@type":"SearchAction","target":{"@type":"EntryPoint","urlTemplate":"https:\/\/www.tktx-esklep.pl\/?s={search_term_string}"},"query-input":"required name=search_term_string"}],"inLanguage":"pl-PL"},{"@type":"Organization","@id":"https:\/\/www.tktx-esklep.pl\/#organization","name":"TKTX","url":"https:\/\/www.tktx-esklep.pl\/","logo":{"@type":"ImageObject","inLanguage":"pl-PL","@id":"https:\/\/www.tktx-esklep.pl\/#\/schema\/logo\/image\/","url":"https:\/\/www.tktx-esklep.pl\/wp-content\/uploads\/2022\/04\/cropped-cropped-Screen-Shot-2020-04-08-at-2.34.15-PM.png","contentUrl":"https:\/\/www.tktx-esklep.pl\/wp-content\/uploads\/2022\/04\/cropped-cropped-Screen-Shot-2020-04-08-at-2.34.15-PM.png","width":512,"height":512,"caption":"TKTX"},"image":{"@id":"https:\/\/www.tktx-esklep.pl\/#\/schema\/logo\/image\/"}}]}},"_links":{"self":[{"href":"https:\/\/www.tktx-esklep.pl\/index.php?rest_route=\/wp\/v2\/pages\/2696","targetHints":{"allow":["GET"]}}],"collection":[{"href":"https:\/\/www.tktx-esklep.pl\/index.php?rest_route=\/wp\/v2\/pages"}],"about":[{"href":"https:\/\/www.tktx-esklep.pl\/index.php?rest_route=\/wp\/v2\/types\/page"}],"author":[{"embeddable":true,"href":"https:\/\/www.tktx-esklep.pl\/index.php?rest_route=\/wp\/v2\/users\/1"}],"replies":[{"embeddable":true,"href":"https:\/\/www.tktx-esklep.pl\/index.php?rest_route=%2Fwp%2Fv2%2Fcomments&post=2696"}],"version-history":[{"count":1,"href":"https:\/\/www.tktx-esklep.pl\/index.php?rest_route=\/wp\/v2\/pages\/2696\/revisions"}],"predecessor-version":[{"id":2697,"href":"https:\/\/www.tktx-esklep.pl\/index.php?rest_route=\/wp\/v2\/pages\/2696\/revisions\/2697"}],"wp:attachment":[{"href":"https:\/\/www.tktx-esklep.pl\/index.php?rest_route=%2Fwp%2Fv2%2Fmedia&parent=2696"}],"curies":[{"name":"wp","href":"https:\/\/api.w.org\/{rel}","templated":true}]}}