{"id":6,"date":"2022-04-09T06:54:03","date_gmt":"2022-04-09T04:54:03","guid":{"rendered":"https:\/\/www.dermacain.hu\/?page_id=6"},"modified":"2024-04-03T07:44:44","modified_gmt":"2024-04-03T05:44:44","slug":"a-bolt","status":"publish","type":"page","link":"https:\/\/www.tktx-esklep.pl\/?page_id=6","title":{"rendered":"Sklep"},"content":{"rendered":"","protected":false},"excerpt":{"rendered":"","protected":false},"author":1,"featured_media":0,"parent":0,"menu_order":0,"comment_status":"closed","ping_status":"closed","template":"","meta":{"_monsterinsights_skip_tracking":false,"_monsterinsights_sitenote_active":false,"_monsterinsights_sitenote_note":"","_monsterinsights_sitenote_category":0,"footnotes":""},"class_list":["post-6","page","type-page","status-publish","hentry"],"yoast_head":"<!-- This site is optimized with the Yoast SEO plugin v22.4 - https:\/\/yoast.com\/wordpress\/plugins\/seo\/ -->\n<title>Sklep - TKTX<\/title>\n<meta name=\"robots\" content=\"index, follow, max-snippet:-1, max-image-preview:large, max-video-preview:-1\" \/>\n<link rel=\"canonical\" href=\"https:\/\/www.tktx-esklep.pl\/?page_id=6\" \/>\n<meta property=\"og:locale\" content=\"pl_PL\" \/>\n<meta property=\"og:type\" content=\"article\" \/>\n<meta property=\"og:title\" content=\"Sklep - TKTX\" \/>\n<meta property=\"og:url\" content=\"https:\/\/www.tktx-esklep.pl\/?page_id=6\" \/>\n<meta property=\"og:site_name\" content=\"TKTX\" \/>\n<meta property=\"article:modified_time\" content=\"2024-04-03T05:44:44+00:00\" \/>\n<meta name=\"twitter:card\" content=\"summary_large_image\" \/>\n<script type=\"application\/ld+json\" class=\"yoast-schema-graph\">{\"@context\":\"https:\/\/schema.org\",\"@graph\":[{\"@type\":\"WebPage\",\"@id\":\"https:\/\/www.tktx-esklep.pl\/?page_id=6\",\"url\":\"https:\/\/www.tktx-esklep.pl\/?page_id=6\",\"name\":\"Sklep - TKTX\",\"isPartOf\":{\"@id\":\"https:\/\/www.tktx-esklep.pl\/#website\"},\"datePublished\":\"2022-04-09T04:54:03+00:00\",\"dateModified\":\"2024-04-03T05:44:44+00:00\",\"breadcrumb\":{\"@id\":\"https:\/\/www.tktx-esklep.pl\/?page_id=6#breadcrumb\"},\"inLanguage\":\"pl-PL\",\"potentialAction\":[{\"@type\":\"ReadAction\",\"target\":[\"https:\/\/www.tktx-esklep.pl\/?page_id=6\"]}]},{\"@type\":\"BreadcrumbList\",\"@id\":\"https:\/\/www.tktx-esklep.pl\/?page_id=6#breadcrumb\",\"itemListElement\":[{\"@type\":\"ListItem\",\"position\":1,\"name\":\"Home\",\"item\":\"https:\/\/www.tktx-esklep.pl\/\"},{\"@type\":\"ListItem\",\"position\":2,\"name\":\"Sklep\"}]},{\"@type\":\"WebSite\",\"@id\":\"https:\/\/www.tktx-esklep.pl\/#website\",\"url\":\"https:\/\/www.tktx-esklep.pl\/\",\"name\":\"TKTX\",\"description\":\"Pi\u0119kno nie musi ju\u017c bole\u0107...\",\"publisher\":{\"@id\":\"https:\/\/www.tktx-esklep.pl\/#organization\"},\"potentialAction\":[{\"@type\":\"SearchAction\",\"target\":{\"@type\":\"EntryPoint\",\"urlTemplate\":\"https:\/\/www.tktx-esklep.pl\/?s={search_term_string}\"},\"query-input\":\"required name=search_term_string\"}],\"inLanguage\":\"pl-PL\"},{\"@type\":\"Organization\",\"@id\":\"https:\/\/www.tktx-esklep.pl\/#organization\",\"name\":\"TKTX\",\"url\":\"https:\/\/www.tktx-esklep.pl\/\",\"logo\":{\"@type\":\"ImageObject\",\"inLanguage\":\"pl-PL\",\"@id\":\"https:\/\/www.tktx-esklep.pl\/#\/schema\/logo\/image\/\",\"url\":\"https:\/\/www.tktx-esklep.pl\/wp-content\/uploads\/2022\/04\/cropped-cropped-Screen-Shot-2020-04-08-at-2.34.15-PM.png\",\"contentUrl\":\"https:\/\/www.tktx-esklep.pl\/wp-content\/uploads\/2022\/04\/cropped-cropped-Screen-Shot-2020-04-08-at-2.34.15-PM.png\",\"width\":512,\"height\":512,\"caption\":\"TKTX\"},\"image\":{\"@id\":\"https:\/\/www.tktx-esklep.pl\/#\/schema\/logo\/image\/\"}}]}<\/script>\n<!-- \/ Yoast SEO plugin. -->","yoast_head_json":{"title":"Sklep - TKTX","robots":{"index":"index","follow":"follow","max-snippet":"max-snippet:-1","max-image-preview":"max-image-preview:large","max-video-preview":"max-video-preview:-1"},"canonical":"https:\/\/www.tktx-esklep.pl\/?page_id=6","og_locale":"pl_PL","og_type":"article","og_title":"Sklep - TKTX","og_url":"https:\/\/www.tktx-esklep.pl\/?page_id=6","og_site_name":"TKTX","article_modified_time":"2024-04-03T05:44:44+00:00","twitter_card":"summary_large_image","schema":{"@context":"https:\/\/schema.org","@graph":[{"@type":"WebPage","@id":"https:\/\/www.tktx-esklep.pl\/?page_id=6","url":"https:\/\/www.tktx-esklep.pl\/?page_id=6","name":"Sklep - TKTX","isPartOf":{"@id":"https:\/\/www.tktx-esklep.pl\/#website"},"datePublished":"2022-04-09T04:54:03+00:00","dateModified":"2024-04-03T05:44:44+00:00","breadcrumb":{"@id":"https:\/\/www.tktx-esklep.pl\/?page_id=6#breadcrumb"},"inLanguage":"pl-PL","potentialAction":[{"@type":"ReadAction","target":["https:\/\/www.tktx-esklep.pl\/?page_id=6"]}]},{"@type":"BreadcrumbList","@id":"https:\/\/www.tktx-esklep.pl\/?page_id=6#breadcrumb","itemListElement":[{"@type":"ListItem","position":1,"name":"Home","item":"https:\/\/www.tktx-esklep.pl\/"},{"@type":"ListItem","position":2,"name":"Sklep"}]},{"@type":"WebSite","@id":"https:\/\/www.tktx-esklep.pl\/#website","url":"https:\/\/www.tktx-esklep.pl\/","name":"TKTX","description":"Pi\u0119kno nie musi ju\u017c bole\u0107...","publisher":{"@id":"https:\/\/www.tktx-esklep.pl\/#organization"},"potentialAction":[{"@type":"SearchAction","target":{"@type":"EntryPoint","urlTemplate":"https:\/\/www.tktx-esklep.pl\/?s={search_term_string}"},"query-input":"required name=search_term_string"}],"inLanguage":"pl-PL"},{"@type":"Organization","@id":"https:\/\/www.tktx-esklep.pl\/#organization","name":"TKTX","url":"https:\/\/www.tktx-esklep.pl\/","logo":{"@type":"ImageObject","inLanguage":"pl-PL","@id":"https:\/\/www.tktx-esklep.pl\/#\/schema\/logo\/image\/","url":"https:\/\/www.tktx-esklep.pl\/wp-content\/uploads\/2022\/04\/cropped-cropped-Screen-Shot-2020-04-08-at-2.34.15-PM.png","contentUrl":"https:\/\/www.tktx-esklep.pl\/wp-content\/uploads\/2022\/04\/cropped-cropped-Screen-Shot-2020-04-08-at-2.34.15-PM.png","width":512,"height":512,"caption":"TKTX"},"image":{"@id":"https:\/\/www.tktx-esklep.pl\/#\/schema\/logo\/image\/"}}]}},"_links":{"self":[{"href":"https:\/\/www.tktx-esklep.pl\/index.php?rest_route=\/wp\/v2\/pages\/6","targetHints":{"allow":["GET"]}}],"collection":[{"href":"https:\/\/www.tktx-esklep.pl\/index.php?rest_route=\/wp\/v2\/pages"}],"about":[{"href":"https:\/\/www.tktx-esklep.pl\/index.php?rest_route=\/wp\/v2\/types\/page"}],"author":[{"embeddable":true,"href":"https:\/\/www.tktx-esklep.pl\/index.php?rest_route=\/wp\/v2\/users\/1"}],"replies":[{"embeddable":true,"href":"https:\/\/www.tktx-esklep.pl\/index.php?rest_route=%2Fwp%2Fv2%2Fcomments&post=6"}],"version-history":[{"count":3,"href":"https:\/\/www.tktx-esklep.pl\/index.php?rest_route=\/wp\/v2\/pages\/6\/revisions"}],"predecessor-version":[{"id":2198,"href":"https:\/\/www.tktx-esklep.pl\/index.php?rest_route=\/wp\/v2\/pages\/6\/revisions\/2198"}],"wp:attachment":[{"href":"https:\/\/www.tktx-esklep.pl\/index.php?rest_route=%2Fwp%2Fv2%2Fmedia&parent=6"}],"curies":[{"name":"wp","href":"https:\/\/api.w.org\/{rel}","templated":true}]}}