{"id":183,"date":"2023-03-05T15:36:15","date_gmt":"2023-03-05T14:36:15","guid":{"rendered":"https:\/\/www.dermacain.hu\/?post_type=product&#038;p=183"},"modified":"2025-02-06T18:01:07","modified_gmt":"2025-02-06T17:01:07","slug":"5-darab-x-tktx-55-gold-ingyenes-szallitas","status":"publish","type":"product","link":"https:\/\/www.tktx-esklep.pl\/?product=5-darab-x-tktx-55-gold-ingyenes-szallitas","title":{"rendered":"5 sztuk x TKTX 55% Gold + Darmowa dostawa"},"content":{"rendered":"<h3>Jak nale\u017cy aplikowa\u0107 krem do tatua\u017cu TKTX?<\/h3>\n<div class=\"flex-1 overflow-hidden\">\n<div class=\"react-scroll-to-bottom--css-korei-79elbk h-full\">\n<div class=\"react-scroll-to-bottom--css-korei-1n7m0yu\">\n<div class=\"flex flex-col pb-9 text-sm\">\n<div class=\"w-full text-token-text-primary\" data-testid=\"conversation-turn-27\">\n<div class=\"px-4 py-2 justify-center text-base md:gap-6 m-auto\">\n<div class=\"flex flex-1 text-base mx-auto gap-3 md:px-5 lg:px-1 xl:px-5 md:max-w-3xl lg:max-w-[40rem] xl:max-w-[48rem] group final-completion\">\n<div class=\"relative flex w-full flex-col agent-turn\">\n<div class=\"flex-col gap-1 md:gap-3\">\n<div class=\"flex flex-grow flex-col max-w-full\">\n<div class=\"min-h-[20px] text-message flex flex-col items-start gap-3 whitespace-pre-wrap break-words [.text-message+&amp;]:mt-5 overflow-x-auto\" data-message-author-role=\"assistant\" data-message-id=\"5e1004ac-28c2-4818-9e3a-7e6be313e811\">\n<div class=\"markdown prose w-full break-words dark:prose-invert light\">\n<p>Aby uzyska\u0107 najsilniejszy efekt znieczulaj\u0105cy, zaleca si\u0119 na\u0142o\u017cenie kremu na 25-30 minut przed wykonaniem tatua\u017cu i przykrycie go foli\u0105 spo\u017cywcz\u0105. Folia zwi\u0119ksza zdolno\u015b\u0107 kremu do absorbowania wilgoci, zmniejsza parowanie i gwarantuje, \u017ce ulubiona koszulka nie zostanie zabrudzona.<\/p>\n<\/div>\n<\/div>\n<\/div>\n<\/div>\n<\/div>\n<\/div>\n<\/div>\n<\/div>\n<\/div>\n<\/div>\n<\/div>\n<\/div>\n<p><iframe loading=\"lazy\" title=\"Dermacain Krem znieczulaj\u0105cy do tatua\u017cu\" width=\"760\" height=\"428\" src=\"https:\/\/www.youtube.com\/embed\/__AtagT-WGQ?feature=oembed\" frameborder=\"0\" allow=\"accelerometer; autoplay; clipboard-write; encrypted-media; gyroscope; picture-in-picture; web-share\" referrerpolicy=\"strict-origin-when-cross-origin\" allowfullscreen><\/iframe><\/p>\n<h3>Zawiera<\/h3>\n<div class=\"flex-1 overflow-hidden\">\n<div class=\"react-scroll-to-bottom--css-korei-79elbk h-full\">\n<div class=\"react-scroll-to-bottom--css-korei-1n7m0yu\">\n<div class=\"flex flex-col pb-9 text-sm\">\n<div class=\"w-full text-token-text-primary\" data-testid=\"conversation-turn-31\">\n<div class=\"px-4 py-2 justify-center text-base md:gap-6 m-auto\">\n<div class=\"flex flex-1 text-base mx-auto gap-3 md:px-5 lg:px-1 xl:px-5 md:max-w-3xl lg:max-w-[40rem] xl:max-w-[48rem] group final-completion\">\n<div class=\"relative flex w-full flex-col agent-turn\">\n<div class=\"flex-col gap-1 md:gap-3\">\n<div class=\"flex flex-grow flex-col max-w-full\">\n<div class=\"min-h-[20px] text-message flex flex-col items-start gap-3 whitespace-pre-wrap break-words [.text-message+&amp;]:mt-5 overflow-x-auto\" data-message-author-role=\"assistant\" data-message-id=\"21e9a227-21c4-4d06-8cd5-5288e333a70a\">\n<div class=\"markdown prose w-full break-words dark:prose-invert light\">\n<p>Sk\u0142ad kremu (opakowanie 10g): 7% lidokainy, 7% prilokainy, 2% epinefryny, baza kremu (gliceryna, czysta woda, etanol, propylen glikol, lecytyna)<\/p>\n<\/div>\n<\/div>\n<\/div>\n<\/div>\n<\/div>\n<\/div>\n<\/div>\n<\/div>\n<\/div>\n<\/div>\n<\/div>\n<\/div>\n<p><img loading=\"lazy\" decoding=\"async\" class=\"size-medium wp-image-114 aligncenter\" src=\"https:\/\/www.tktx-esklep.pl\/wp-content\/uploads\/2022\/07\/IMG_20210723_114622-copy-6-114x300.png\" alt=\"\u00c9rz\u00e9stelen\u00edt\u0151 kr\u00e9m TKTX Tetov\u00e1l\u00f3 kr\u00e9m\" width=\"114\" height=\"300\" srcset=\"https:\/\/www.tktx-esklep.pl\/wp-content\/uploads\/2022\/07\/IMG_20210723_114622-copy-6-114x300.png 114w, https:\/\/www.tktx-esklep.pl\/wp-content\/uploads\/2022\/07\/IMG_20210723_114622-copy-6-388x1024.png 388w, https:\/\/www.tktx-esklep.pl\/wp-content\/uploads\/2022\/07\/IMG_20210723_114622-copy-6-768x2025.png 768w, https:\/\/www.tktx-esklep.pl\/wp-content\/uploads\/2022\/07\/IMG_20210723_114622-copy-6-583x1536.png 583w, https:\/\/www.tktx-esklep.pl\/wp-content\/uploads\/2022\/07\/IMG_20210723_114622-copy-6-777x2048.png 777w, https:\/\/www.tktx-esklep.pl\/wp-content\/uploads\/2022\/07\/IMG_20210723_114622-copy-6-324x854.png 324w, https:\/\/www.tktx-esklep.pl\/wp-content\/uploads\/2022\/07\/IMG_20210723_114622-copy-6-416x1097.png 416w, https:\/\/www.tktx-esklep.pl\/wp-content\/uploads\/2022\/07\/IMG_20210723_114622-copy-6.png 1035w\" sizes=\"auto, (max-width: 114px) 100vw, 114px\" \/><\/p>\n<p>&nbsp;<\/p>\n<p><img loading=\"lazy\" decoding=\"async\" class=\"alignleft wp-image-2186 size-medium\" src=\"https:\/\/www.tktx-esklep.pl\/wp-content\/uploads\/2024\/03\/Add-a-subheading-300x210.png\" alt=\"Krem znieczulaj\u0105cy TKTX 75%\" width=\"300\" height=\"210\" srcset=\"https:\/\/www.tktx-esklep.pl\/wp-content\/uploads\/2024\/03\/Add-a-subheading-300x210.png 300w, https:\/\/www.tktx-esklep.pl\/wp-content\/uploads\/2024\/03\/Add-a-subheading-500x350.png 500w, https:\/\/www.tktx-esklep.pl\/wp-content\/uploads\/2024\/03\/Add-a-subheading-600x421.png 600w, https:\/\/www.tktx-esklep.pl\/wp-content\/uploads\/2024\/03\/Add-a-subheading.png 612w\" sizes=\"auto, (max-width: 300px) 100vw, 300px\" \/><\/p>\n<p>Wszystkie paczki z kremem znieczulaj\u0105cym s\u0105 wysy\u0142ane jak najszybciej &#8211; oczekuje si\u0119, \u017ce w ci\u0105gu 3 dni roboczych (paczki s\u0105 wysy\u0142ane ka\u017cdego dnia roboczego do godziny 11:00).<\/p>\n<p>Dostawa do punkt\u00f3w odbioru Packeta jest bezp\u0142atna. Istnieje r\u00f3wnie\u017c mo\u017cliwo\u015b\u0107 dostawy do domu. Krem znieczulaj\u0105cy mo\u017cna zap\u0142aci\u0107 kart\u0105 bankow\u0105 lub przy dostawie.<\/p>\n<p><a href=\"https:\/\/www.tktx-esklep.pl\/?add-to-cart=183\"><img loading=\"lazy\" decoding=\"async\" class=\"aligncenter wp-image-2169\" src=\"https:\/\/www.tktx-esklep.pl\/wp-content\/uploads\/2024\/03\/1499-23.png\" alt=\"Krem znieczulaj\u0105cy TKTX 55\" width=\"150\" height=\"60\" srcset=\"https:\/\/www.tktx-esklep.pl\/wp-content\/uploads\/2024\/03\/1499-23.png 500w, https:\/\/www.tktx-esklep.pl\/wp-content\/uploads\/2024\/03\/1499-23-300x121.png 300w\" sizes=\"auto, (max-width: 150px) 100vw, 150px\" \/><\/a><\/p>\n","protected":false},"excerpt":{"rendered":"<h2>Udoskonalony klasyk<\/h2>\n<div class=\"flex-1 overflow-hidden\">\n<div class=\"react-scroll-to-bottom--css-korei-79elbk h-full\">\n<div class=\"react-scroll-to-bottom--css-korei-1n7m0yu\">\n<div class=\"flex flex-col pb-9 text-sm\">\n<div class=\"w-full text-token-text-primary\" data-testid=\"conversation-turn-41\">\n<div class=\"px-4 py-2 justify-center text-base md:gap-6 m-auto\">\n<div class=\"flex flex-1 text-base mx-auto gap-3 md:px-5 lg:px-1 xl:px-5 md:max-w-3xl lg:max-w-[40rem] xl:max-w-[48rem] group final-completion\">\n<div class=\"relative flex w-full flex-col agent-turn\">\n<div class=\"flex-col gap-1 md:gap-3\">\n<div class=\"flex flex-grow flex-col max-w-full\">\n<div class=\"min-h-[20px] text-message flex flex-col items-start gap-3 whitespace-pre-wrap break-words [.text-message+&amp;]:mt-5 overflow-x-auto\" data-message-author-role=\"assistant\" data-message-id=\"b00046f9-6ea9-4d61-8d14-83671ec6fe10\">\n<div class=\"markdown prose w-full break-words dark:prose-invert light\">\n<p>Je\u015bli przywyk\u0142e\u015b do klasycznego kremu TKTX 40% w kolorze pomara\u0144czowym, czeka Ci\u0119 mi\u0142a niespodzianka. Efekt znieczulenia pojawia si\u0119 szybciej (czyli \u0142atwiej si\u0119 wch\u0142ania) i trwa d\u0142u\u017cej. Krem do tatua\u017cu TKTX 55% Gold jest z\u0142otym standardem w\u015br\u00f3d krem\u00f3w znieczulaj\u0105cych.<\/p>\n<\/div>\n<\/div>\n<\/div>\n<\/div>\n<\/div>\n<\/div>\n<\/div>\n<\/div>\n<\/div>\n<\/div>\n<\/div>\n<\/div>\n","protected":false},"featured_media":173,"template":"","meta":{"_monsterinsights_skip_tracking":false,"_monsterinsights_sitenote_active":false,"_monsterinsights_sitenote_note":"","_monsterinsights_sitenote_category":0},"product_cat":[18],"product_tag":[],"class_list":{"0":"post-183","1":"product","2":"type-product","3":"status-publish","4":"has-post-thumbnail","6":"product_cat-erzestelenito-krem-tktx","8":"first","9":"outofstock","10":"sale","11":"taxable","12":"shipping-taxable","13":"purchasable","14":"product-type-simple"},"yoast_head":"<!-- This site is optimized with the Yoast SEO plugin v22.4 - https:\/\/yoast.com\/wordpress\/plugins\/seo\/ -->\n<title>5 sztuk x TKTX 55% Gold + Darmowa dostawa - TKTX<\/title>\n<meta name=\"description\" content=\"Krem do tatua\u017cu TKTX 55% Gold to udoskonalona wersja &quot;klasycznego pomara\u0144czowego 40%&quot;, kt\u00f3r\u0105 ka\u017cdy rozpoznaje. Efekt znieczulenia zaczyna si\u0119 szybciej i trwa d\u0142u\u017cej.\" \/>\n<meta name=\"robots\" content=\"index, follow, max-snippet:-1, max-image-preview:large, max-video-preview:-1\" \/>\n<link rel=\"canonical\" href=\"https:\/\/www.tktx-esklep.pl\/?product=5-darab-x-tktx-55-gold-ingyenes-szallitas\" \/>\n<meta property=\"og:locale\" content=\"pl_PL\" \/>\n<meta property=\"og:type\" content=\"article\" \/>\n<meta property=\"og:title\" content=\"5 sztuk x TKTX 55% Gold + Darmowa dostawa - TKTX\" \/>\n<meta property=\"og:description\" content=\"Krem do tatua\u017cu TKTX 55% Gold to udoskonalona wersja &quot;klasycznego pomara\u0144czowego 40%&quot;, kt\u00f3r\u0105 ka\u017cdy rozpoznaje. Efekt znieczulenia zaczyna si\u0119 szybciej i trwa d\u0142u\u017cej.\" \/>\n<meta property=\"og:url\" content=\"https:\/\/www.tktx-esklep.pl\/?product=5-darab-x-tktx-55-gold-ingyenes-szallitas\" \/>\n<meta property=\"og:site_name\" content=\"TKTX\" \/>\n<meta property=\"article:modified_time\" content=\"2025-02-06T17:01:07+00:00\" \/>\n<meta property=\"og:image\" content=\"https:\/\/www.tktx-esklep.pl\/wp-content\/uploads\/2023\/03\/Untitled-design.png\" \/>\n\t<meta property=\"og:image:width\" content=\"1069\" \/>\n\t<meta property=\"og:image:height\" content=\"388\" \/>\n\t<meta property=\"og:image:type\" content=\"image\/png\" \/>\n<meta name=\"twitter:card\" content=\"summary_large_image\" \/>\n<meta name=\"twitter:label1\" content=\"Szacowany czas czytania\" \/>\n\t<meta name=\"twitter:data1\" content=\"2 minuty\" \/>\n<script type=\"application\/ld+json\" class=\"yoast-schema-graph\">{\"@context\":\"https:\/\/schema.org\",\"@graph\":[{\"@type\":\"WebPage\",\"@id\":\"https:\/\/www.tktx-esklep.pl\/?product=5-darab-x-tktx-55-gold-ingyenes-szallitas\",\"url\":\"https:\/\/www.tktx-esklep.pl\/?product=5-darab-x-tktx-55-gold-ingyenes-szallitas\",\"name\":\"5 sztuk x TKTX 55% Gold + Darmowa dostawa - TKTX\",\"isPartOf\":{\"@id\":\"https:\/\/www.tktx-esklep.pl\/#website\"},\"primaryImageOfPage\":{\"@id\":\"https:\/\/www.tktx-esklep.pl\/?product=5-darab-x-tktx-55-gold-ingyenes-szallitas#primaryimage\"},\"image\":{\"@id\":\"https:\/\/www.tktx-esklep.pl\/?product=5-darab-x-tktx-55-gold-ingyenes-szallitas#primaryimage\"},\"thumbnailUrl\":\"https:\/\/www.tktx-esklep.pl\/wp-content\/uploads\/2023\/03\/Untitled-design.png\",\"datePublished\":\"2023-03-05T14:36:15+00:00\",\"dateModified\":\"2025-02-06T17:01:07+00:00\",\"description\":\"Krem do tatua\u017cu TKTX 55% Gold to udoskonalona wersja \\\"klasycznego pomara\u0144czowego 40%\\\", kt\u00f3r\u0105 ka\u017cdy rozpoznaje. Efekt znieczulenia zaczyna si\u0119 szybciej i trwa d\u0142u\u017cej.\",\"breadcrumb\":{\"@id\":\"https:\/\/www.tktx-esklep.pl\/?product=5-darab-x-tktx-55-gold-ingyenes-szallitas#breadcrumb\"},\"inLanguage\":\"pl-PL\",\"potentialAction\":[{\"@type\":\"ReadAction\",\"target\":[\"https:\/\/www.tktx-esklep.pl\/?product=5-darab-x-tktx-55-gold-ingyenes-szallitas\"]}]},{\"@type\":\"ImageObject\",\"inLanguage\":\"pl-PL\",\"@id\":\"https:\/\/www.tktx-esklep.pl\/?product=5-darab-x-tktx-55-gold-ingyenes-szallitas#primaryimage\",\"url\":\"https:\/\/www.tktx-esklep.pl\/wp-content\/uploads\/2023\/03\/Untitled-design.png\",\"contentUrl\":\"https:\/\/www.tktx-esklep.pl\/wp-content\/uploads\/2023\/03\/Untitled-design.png\",\"width\":1069,\"height\":388,\"caption\":\"Krem znieczulaj\u0105cy TKTX Dermacain\"},{\"@type\":\"BreadcrumbList\",\"@id\":\"https:\/\/www.tktx-esklep.pl\/?product=5-darab-x-tktx-55-gold-ingyenes-szallitas#breadcrumb\",\"itemListElement\":[{\"@type\":\"ListItem\",\"position\":1,\"name\":\"Home\",\"item\":\"https:\/\/www.tktx-esklep.pl\/\"},{\"@type\":\"ListItem\",\"position\":2,\"name\":\"5 sztuk x TKTX 55% Gold + Darmowa dostawa\"}]},{\"@type\":\"WebSite\",\"@id\":\"https:\/\/www.tktx-esklep.pl\/#website\",\"url\":\"https:\/\/www.tktx-esklep.pl\/\",\"name\":\"TKTX\",\"description\":\"Pi\u0119kno nie musi ju\u017c bole\u0107...\",\"publisher\":{\"@id\":\"https:\/\/www.tktx-esklep.pl\/#organization\"},\"potentialAction\":[{\"@type\":\"SearchAction\",\"target\":{\"@type\":\"EntryPoint\",\"urlTemplate\":\"https:\/\/www.tktx-esklep.pl\/?s={search_term_string}\"},\"query-input\":\"required name=search_term_string\"}],\"inLanguage\":\"pl-PL\"},{\"@type\":\"Organization\",\"@id\":\"https:\/\/www.tktx-esklep.pl\/#organization\",\"name\":\"TKTX\",\"url\":\"https:\/\/www.tktx-esklep.pl\/\",\"logo\":{\"@type\":\"ImageObject\",\"inLanguage\":\"pl-PL\",\"@id\":\"https:\/\/www.tktx-esklep.pl\/#\/schema\/logo\/image\/\",\"url\":\"https:\/\/www.tktx-esklep.pl\/wp-content\/uploads\/2022\/04\/cropped-cropped-Screen-Shot-2020-04-08-at-2.34.15-PM.png\",\"contentUrl\":\"https:\/\/www.tktx-esklep.pl\/wp-content\/uploads\/2022\/04\/cropped-cropped-Screen-Shot-2020-04-08-at-2.34.15-PM.png\",\"width\":512,\"height\":512,\"caption\":\"TKTX\"},\"image\":{\"@id\":\"https:\/\/www.tktx-esklep.pl\/#\/schema\/logo\/image\/\"}}]}<\/script>\n<!-- \/ Yoast SEO plugin. -->","yoast_head_json":{"title":"5 sztuk x TKTX 55% Gold + Darmowa dostawa - TKTX","description":"Krem do tatua\u017cu TKTX 55% Gold to udoskonalona wersja \"klasycznego pomara\u0144czowego 40%\", kt\u00f3r\u0105 ka\u017cdy rozpoznaje. Efekt znieczulenia zaczyna si\u0119 szybciej i trwa d\u0142u\u017cej.","robots":{"index":"index","follow":"follow","max-snippet":"max-snippet:-1","max-image-preview":"max-image-preview:large","max-video-preview":"max-video-preview:-1"},"canonical":"https:\/\/www.tktx-esklep.pl\/?product=5-darab-x-tktx-55-gold-ingyenes-szallitas","og_locale":"pl_PL","og_type":"article","og_title":"5 sztuk x TKTX 55% Gold + Darmowa dostawa - TKTX","og_description":"Krem do tatua\u017cu TKTX 55% Gold to udoskonalona wersja \"klasycznego pomara\u0144czowego 40%\", kt\u00f3r\u0105 ka\u017cdy rozpoznaje. Efekt znieczulenia zaczyna si\u0119 szybciej i trwa d\u0142u\u017cej.","og_url":"https:\/\/www.tktx-esklep.pl\/?product=5-darab-x-tktx-55-gold-ingyenes-szallitas","og_site_name":"TKTX","article_modified_time":"2025-02-06T17:01:07+00:00","og_image":[{"width":1069,"height":388,"url":"https:\/\/www.tktx-esklep.pl\/wp-content\/uploads\/2023\/03\/Untitled-design.png","type":"image\/png"}],"twitter_card":"summary_large_image","twitter_misc":{"Szacowany czas czytania":"2 minuty"},"schema":{"@context":"https:\/\/schema.org","@graph":[{"@type":"WebPage","@id":"https:\/\/www.tktx-esklep.pl\/?product=5-darab-x-tktx-55-gold-ingyenes-szallitas","url":"https:\/\/www.tktx-esklep.pl\/?product=5-darab-x-tktx-55-gold-ingyenes-szallitas","name":"5 sztuk x TKTX 55% Gold + Darmowa dostawa - TKTX","isPartOf":{"@id":"https:\/\/www.tktx-esklep.pl\/#website"},"primaryImageOfPage":{"@id":"https:\/\/www.tktx-esklep.pl\/?product=5-darab-x-tktx-55-gold-ingyenes-szallitas#primaryimage"},"image":{"@id":"https:\/\/www.tktx-esklep.pl\/?product=5-darab-x-tktx-55-gold-ingyenes-szallitas#primaryimage"},"thumbnailUrl":"https:\/\/www.tktx-esklep.pl\/wp-content\/uploads\/2023\/03\/Untitled-design.png","datePublished":"2023-03-05T14:36:15+00:00","dateModified":"2025-02-06T17:01:07+00:00","description":"Krem do tatua\u017cu TKTX 55% Gold to udoskonalona wersja \"klasycznego pomara\u0144czowego 40%\", kt\u00f3r\u0105 ka\u017cdy rozpoznaje. Efekt znieczulenia zaczyna si\u0119 szybciej i trwa d\u0142u\u017cej.","breadcrumb":{"@id":"https:\/\/www.tktx-esklep.pl\/?product=5-darab-x-tktx-55-gold-ingyenes-szallitas#breadcrumb"},"inLanguage":"pl-PL","potentialAction":[{"@type":"ReadAction","target":["https:\/\/www.tktx-esklep.pl\/?product=5-darab-x-tktx-55-gold-ingyenes-szallitas"]}]},{"@type":"ImageObject","inLanguage":"pl-PL","@id":"https:\/\/www.tktx-esklep.pl\/?product=5-darab-x-tktx-55-gold-ingyenes-szallitas#primaryimage","url":"https:\/\/www.tktx-esklep.pl\/wp-content\/uploads\/2023\/03\/Untitled-design.png","contentUrl":"https:\/\/www.tktx-esklep.pl\/wp-content\/uploads\/2023\/03\/Untitled-design.png","width":1069,"height":388,"caption":"Krem znieczulaj\u0105cy TKTX Dermacain"},{"@type":"BreadcrumbList","@id":"https:\/\/www.tktx-esklep.pl\/?product=5-darab-x-tktx-55-gold-ingyenes-szallitas#breadcrumb","itemListElement":[{"@type":"ListItem","position":1,"name":"Home","item":"https:\/\/www.tktx-esklep.pl\/"},{"@type":"ListItem","position":2,"name":"5 sztuk x TKTX 55% Gold + Darmowa dostawa"}]},{"@type":"WebSite","@id":"https:\/\/www.tktx-esklep.pl\/#website","url":"https:\/\/www.tktx-esklep.pl\/","name":"TKTX","description":"Pi\u0119kno nie musi ju\u017c bole\u0107...","publisher":{"@id":"https:\/\/www.tktx-esklep.pl\/#organization"},"potentialAction":[{"@type":"SearchAction","target":{"@type":"EntryPoint","urlTemplate":"https:\/\/www.tktx-esklep.pl\/?s={search_term_string}"},"query-input":"required name=search_term_string"}],"inLanguage":"pl-PL"},{"@type":"Organization","@id":"https:\/\/www.tktx-esklep.pl\/#organization","name":"TKTX","url":"https:\/\/www.tktx-esklep.pl\/","logo":{"@type":"ImageObject","inLanguage":"pl-PL","@id":"https:\/\/www.tktx-esklep.pl\/#\/schema\/logo\/image\/","url":"https:\/\/www.tktx-esklep.pl\/wp-content\/uploads\/2022\/04\/cropped-cropped-Screen-Shot-2020-04-08-at-2.34.15-PM.png","contentUrl":"https:\/\/www.tktx-esklep.pl\/wp-content\/uploads\/2022\/04\/cropped-cropped-Screen-Shot-2020-04-08-at-2.34.15-PM.png","width":512,"height":512,"caption":"TKTX"},"image":{"@id":"https:\/\/www.tktx-esklep.pl\/#\/schema\/logo\/image\/"}}]}},"_links":{"self":[{"href":"https:\/\/www.tktx-esklep.pl\/index.php?rest_route=\/wp\/v2\/product\/183","targetHints":{"allow":["GET"]}}],"collection":[{"href":"https:\/\/www.tktx-esklep.pl\/index.php?rest_route=\/wp\/v2\/product"}],"about":[{"href":"https:\/\/www.tktx-esklep.pl\/index.php?rest_route=\/wp\/v2\/types\/product"}],"wp:featuredmedia":[{"embeddable":true,"href":"https:\/\/www.tktx-esklep.pl\/index.php?rest_route=\/wp\/v2\/media\/173"}],"wp:attachment":[{"href":"https:\/\/www.tktx-esklep.pl\/index.php?rest_route=%2Fwp%2Fv2%2Fmedia&parent=183"}],"wp:term":[{"taxonomy":"product_cat","embeddable":true,"href":"https:\/\/www.tktx-esklep.pl\/index.php?rest_route=%2Fwp%2Fv2%2Fproduct_cat&post=183"},{"taxonomy":"product_tag","embeddable":true,"href":"https:\/\/www.tktx-esklep.pl\/index.php?rest_route=%2Fwp%2Fv2%2Fproduct_tag&post=183"}],"curies":[{"name":"wp","href":"https:\/\/api.w.org\/{rel}","templated":true}]}}