{"id":94,"date":"2022-06-13T18:36:51","date_gmt":"2022-06-13T16:36:51","guid":{"rendered":"https:\/\/www.dermacain.hu\/?post_type=product&#038;p=94"},"modified":"2024-04-03T06:42:12","modified_gmt":"2024-04-03T04:42:12","slug":"2-x-dermacain-30g","status":"publish","type":"product","link":"https:\/\/www.tktx-esklep.pl\/?product=2-x-dermacain-30g","title":{"rendered":"2 x Dermacain 30g"},"content":{"rendered":"<h3>Stosowanie kremu znieczulaj\u0105cego<\/h3>\n<p>Na\u0142\u00f3\u017c krem na miejsce zabiegu na 30-40 minut przed jego rozpocz\u0119ciem. Efekt przeciwb\u00f3lowy utrzymuje si\u0119 przez oko\u0142o 2 godziny. Stosowanie kremu nie powoduje opuchlizny ani zmiany koloru sk\u00f3ry w miejscu aplikacji.<\/p>\n<p><iframe loading=\"lazy\" title=\"Dermacain Krem znieczulaj\u0105cy do tatua\u017cu\" width=\"760\" height=\"428\" src=\"https:\/\/www.youtube.com\/embed\/__AtagT-WGQ?feature=oembed\" frameborder=\"0\" allow=\"accelerometer; autoplay; clipboard-write; encrypted-media; gyroscope; picture-in-picture; web-share\" referrerpolicy=\"strict-origin-when-cross-origin\" allowfullscreen><\/iframe><\/p>\n<h3>Sk\u0142ad<\/h3>\n<p>1 g kremu zawiera 156 mg lidokainy i 1,5 mg metyloparabenu<\/p>\n<p>Substancje pomocnicze: monostearynian glicerolu, mirystynian izopropylu, karbomer, propylen glikol, czysta woda, sterylny alkohol, etanol, polioksyetylenowany olej rycynowy (40).<\/p>\n<p>Krem, kt\u00f3ry oferujemy, zawiera najsilniejszy dost\u0119pny na rynku \u015brodek znieczulaj\u0105cy.<\/p>\n<p><iframe loading=\"lazy\" title=\"Dermacain Krem znieczulaja\u0328cy\" width=\"760\" height=\"428\" src=\"https:\/\/www.youtube.com\/embed\/4gtV3WVmt98?feature=oembed\" frameborder=\"0\" allow=\"accelerometer; autoplay; clipboard-write; encrypted-media; gyroscope; picture-in-picture; web-share\" referrerpolicy=\"strict-origin-when-cross-origin\" allowfullscreen><\/iframe><\/p>\n<h3>Por\u00f3wnanie z konkurencyjnymi kremami TKTX<\/h3>\n<h3><strong>\u00a0<\/strong><strong><img loading=\"lazy\" decoding=\"async\" class=\"aligncenter wp-image-2184 size-large\" src=\"https:\/\/www.tktx-esklep.pl\/wp-content\/uploads\/2024\/03\/IMG_20210530_153326-6-1024x768.jpg\" alt=\"Krem znieczulaj\u0105cy TKTX Dermacain\" width=\"760\" height=\"570\" srcset=\"https:\/\/www.tktx-esklep.pl\/wp-content\/uploads\/2024\/03\/IMG_20210530_153326-6-1024x768.jpg 1024w, https:\/\/www.tktx-esklep.pl\/wp-content\/uploads\/2024\/03\/IMG_20210530_153326-6-300x225.jpg 300w, https:\/\/www.tktx-esklep.pl\/wp-content\/uploads\/2024\/03\/IMG_20210530_153326-6-768x576.jpg 768w, https:\/\/www.tktx-esklep.pl\/wp-content\/uploads\/2024\/03\/IMG_20210530_153326-6-1536x1152.jpg 1536w, https:\/\/www.tktx-esklep.pl\/wp-content\/uploads\/2024\/03\/IMG_20210530_153326-6-2048x1536.jpg 2048w, https:\/\/www.tktx-esklep.pl\/wp-content\/uploads\/2024\/03\/IMG_20210530_153326-6-1320x990.jpg 1320w, https:\/\/www.tktx-esklep.pl\/wp-content\/uploads\/2024\/03\/IMG_20210530_153326-6-600x450.jpg 600w\" sizes=\"auto, (max-width: 760px) 100vw, 760px\" \/><\/strong><\/h3>\n<h3><strong>\u00a0<\/strong><\/h3>\n<p>\n<table id=\"tablepress-3\" class=\"tablepress tablepress-id-3\">\n<thead>\n<tr class=\"row-1\">\n\t<th class=\"column-1\">Dermacain<\/th><th class=\"column-2\">TKTX<\/th>\n<\/tr>\n<\/thead>\n<tbody class=\"row-striping row-hover\">\n<tr class=\"row-2\">\n\t<td class=\"column-1\">Zawarto\u015b\u0107 lidokainy 15,6%<\/td><td class=\"column-2\">Zawarto\u015b\u0107 lidokainy 7%<\/td>\n<\/tr>\n<tr class=\"row-3\">\n\t<td class=\"column-1\">Wysokiej jako\u015bci krem \u200b\u200bz Korei Po\u0142udniowej<\/td><td class=\"column-2\">Wyprodukowano w Chinach<br \/>\n<\/td>\n<\/tr>\n<tr class=\"row-4\">\n\t<td class=\"column-1\">30 gram\u00f3w za 89 PLN<\/td><td class=\"column-2\">10 gram\u00f3w za 49 PLN<\/td>\n<\/tr>\n<\/tbody>\n<\/table>\n<!-- #tablepress-3 from cache --><img loading=\"lazy\" decoding=\"async\" class=\"wp-image-2186 size-medium aligncenter\" src=\"https:\/\/www.tktx-esklep.pl\/wp-content\/uploads\/2024\/03\/Add-a-subheading-300x210.png\" alt=\"Krem znieczulaj\u0105cy TKTX 75%\" width=\"300\" height=\"210\" srcset=\"https:\/\/www.tktx-esklep.pl\/wp-content\/uploads\/2024\/03\/Add-a-subheading-300x210.png 300w, https:\/\/www.tktx-esklep.pl\/wp-content\/uploads\/2024\/03\/Add-a-subheading-500x350.png 500w, https:\/\/www.tktx-esklep.pl\/wp-content\/uploads\/2024\/03\/Add-a-subheading-600x421.png 600w, https:\/\/www.tktx-esklep.pl\/wp-content\/uploads\/2024\/03\/Add-a-subheading.png 612w\" sizes=\"auto, (max-width: 300px) 100vw, 300px\" \/><\/p>\n<p>Wszystkie paczki z kremem znieczulaj\u0105cym s\u0105 wysy\u0142ane jak najszybciej &#8211; oczekuje si\u0119, \u017ce w ci\u0105gu 3 dni roboczych (paczki s\u0105 wysy\u0142ane ka\u017cdego dnia roboczego do godziny 11:00).<\/p>\n<p>Dostawa do punkt\u00f3w odbioru Packeta jest bezp\u0142atna. Istnieje r\u00f3wnie\u017c mo\u017cliwo\u015b\u0107 dostawy do domu. Krem znieczulaj\u0105cy mo\u017cna zap\u0142aci\u0107 kart\u0105 bankow\u0105 lub przy dostawie.<\/p>\n<h3>Skontaktuj si\u0119 z nami za pomoc\u0105 SMS na numer: <span style=\"color: #33cccc;\">+421 948 989 330<\/span><\/h3>\n<p><a href=\"https:\/\/www.tktx-esklep.pl\/?add-to-cart=94\"><img loading=\"lazy\" decoding=\"async\" class=\"aligncenter wp-image-2183\" src=\"https:\/\/www.tktx-esklep.pl\/wp-content\/uploads\/2024\/03\/1499-37.png\" alt=\"Krem znieczulaj\u0105cy TKTX Dermacain\" width=\"150\" height=\"60\" srcset=\"https:\/\/www.tktx-esklep.pl\/wp-content\/uploads\/2024\/03\/1499-37.png 500w, https:\/\/www.tktx-esklep.pl\/wp-content\/uploads\/2024\/03\/1499-37-300x121.png 300w\" sizes=\"auto, (max-width: 150px) 100vw, 150px\" \/><\/a><\/p>\n","protected":false},"excerpt":{"rendered":"<h2>KREM PRZECIWB\u00d3LOWY<\/h2>\n<div class=\"flex-1 overflow-hidden\">\n<div class=\"react-scroll-to-bottom--css-korei-79elbk h-full\">\n<div class=\"react-scroll-to-bottom--css-korei-1n7m0yu\">\n<div class=\"flex flex-col pb-9 text-sm\">\n<div class=\"w-full text-token-text-primary\" data-testid=\"conversation-turn-69\">\n<div class=\"px-4 py-2 justify-center text-base md:gap-6 m-auto\">\n<div class=\"flex flex-1 text-base mx-auto gap-3 md:px-5 lg:px-1 xl:px-5 md:max-w-3xl lg:max-w-[40rem] xl:max-w-[48rem] group final-completion\">\n<div class=\"relative flex w-full flex-col agent-turn\">\n<div class=\"flex-col gap-1 md:gap-3\">\n<div class=\"flex flex-grow flex-col max-w-full\">\n<div class=\"min-h-[20px] text-message flex flex-col items-start gap-3 whitespace-pre-wrap break-words [.text-message+&amp;]:mt-5 overflow-x-auto\" data-message-author-role=\"assistant\" data-message-id=\"f730bd16-d47d-4a1b-8702-68da81717b34\">\n<div class=\"markdown prose w-full break-words dark:prose-invert light\">\n<p>Zapewnia ulg\u0119 w b\u00f3lu dla wra\u017cliwych klient\u00f3w podczas tatua\u017cu, zabieg\u00f3w estetycznych i kosmetycznych.<\/p>\n<p>Nasz krem znieczulaj\u0105cy zawiera najwy\u017csze na rynku 15,6% lidokainy (\u015brodek przeciwb\u00f3lowy). Produkowany jest w Korei Po\u0142udniowej.<\/p>\n<p>Je\u015bli boisz si\u0119 b\u00f3lu zwi\u0105zanego z tatua\u017cem, lub chcesz uczyni\u0107 pierwszy tatua\u017c swojego klienta bardziej przyjemnym, wypr\u00f3buj krem Dermacain odpowiedni do tatua\u017cu i zako\u0144cz b\u00f3l. Pi\u0119kno nie musi bole\u0107.<\/p>\n<\/div>\n<\/div>\n<\/div>\n<\/div>\n<\/div>\n<\/div>\n<\/div>\n<\/div>\n<\/div>\n<\/div>\n<\/div>\n<\/div>\n","protected":false},"featured_media":2192,"template":"","meta":{"_monsterinsights_skip_tracking":false,"_monsterinsights_sitenote_active":false,"_monsterinsights_sitenote_note":"","_monsterinsights_sitenote_category":0},"product_cat":[19,17],"product_tag":[],"class_list":{"0":"post-94","1":"product","2":"type-product","3":"status-publish","4":"has-post-thumbnail","6":"product_cat-dermacain","7":"product_cat-erzestelenito-kremek-kedvezmenyes-aron","9":"first","10":"instock","11":"sale","12":"taxable","13":"shipping-taxable","14":"purchasable","15":"product-type-simple"},"yoast_head":"<!-- This site is optimized with the Yoast SEO plugin v22.4 - https:\/\/yoast.com\/wordpress\/plugins\/seo\/ -->\n<title>2 x Dermacain 30g - TKTX<\/title>\n<meta name=\"description\" content=\"Krem przeciwb\u00f3lowy. Znieczulaj\u0105cy krem do tatua\u017cu, zabiegi estetyczne, depilacja, usuwanie tatua\u017cu i inne. Pi\u0119kno ju\u017c nie musi bole\u0107.\" \/>\n<meta name=\"robots\" content=\"index, follow, max-snippet:-1, max-image-preview:large, max-video-preview:-1\" \/>\n<link rel=\"canonical\" href=\"https:\/\/www.tktx-esklep.pl\/?product=2-x-dermacain-30g\" \/>\n<meta property=\"og:locale\" content=\"pl_PL\" \/>\n<meta property=\"og:type\" content=\"article\" \/>\n<meta property=\"og:title\" content=\"2 x Dermacain 30g - TKTX\" \/>\n<meta property=\"og:description\" content=\"Krem przeciwb\u00f3lowy. Znieczulaj\u0105cy krem do tatua\u017cu, zabiegi estetyczne, depilacja, usuwanie tatua\u017cu i inne. Pi\u0119kno ju\u017c nie musi bole\u0107.\" \/>\n<meta property=\"og:url\" content=\"https:\/\/www.tktx-esklep.pl\/?product=2-x-dermacain-30g\" \/>\n<meta property=\"og:site_name\" content=\"TKTX\" \/>\n<meta property=\"article:modified_time\" content=\"2024-04-03T04:42:12+00:00\" \/>\n<meta property=\"og:image\" content=\"https:\/\/www.tktx-esklep.pl\/wp-content\/uploads\/2024\/04\/Dermacain-30-PL.png\" \/>\n\t<meta property=\"og:image:width\" content=\"1333\" \/>\n\t<meta property=\"og:image:height\" content=\"1549\" \/>\n\t<meta property=\"og:image:type\" content=\"image\/png\" \/>\n<meta name=\"twitter:card\" content=\"summary_large_image\" \/>\n<meta name=\"twitter:label1\" content=\"Szacowany czas czytania\" \/>\n\t<meta name=\"twitter:data1\" content=\"2 minuty\" \/>\n<script type=\"application\/ld+json\" class=\"yoast-schema-graph\">{\"@context\":\"https:\/\/schema.org\",\"@graph\":[{\"@type\":\"WebPage\",\"@id\":\"https:\/\/www.tktx-esklep.pl\/?product=2-x-dermacain-30g\",\"url\":\"https:\/\/www.tktx-esklep.pl\/?product=2-x-dermacain-30g\",\"name\":\"2 x Dermacain 30g - TKTX\",\"isPartOf\":{\"@id\":\"https:\/\/www.tktx-esklep.pl\/#website\"},\"primaryImageOfPage\":{\"@id\":\"https:\/\/www.tktx-esklep.pl\/?product=2-x-dermacain-30g#primaryimage\"},\"image\":{\"@id\":\"https:\/\/www.tktx-esklep.pl\/?product=2-x-dermacain-30g#primaryimage\"},\"thumbnailUrl\":\"https:\/\/www.tktx-esklep.pl\/wp-content\/uploads\/2024\/04\/Dermacain-30-PL.png\",\"datePublished\":\"2022-06-13T16:36:51+00:00\",\"dateModified\":\"2024-04-03T04:42:12+00:00\",\"description\":\"Krem przeciwb\u00f3lowy. Znieczulaj\u0105cy krem do tatua\u017cu, zabiegi estetyczne, depilacja, usuwanie tatua\u017cu i inne. Pi\u0119kno ju\u017c nie musi bole\u0107.\",\"breadcrumb\":{\"@id\":\"https:\/\/www.tktx-esklep.pl\/?product=2-x-dermacain-30g#breadcrumb\"},\"inLanguage\":\"pl-PL\",\"potentialAction\":[{\"@type\":\"ReadAction\",\"target\":[\"https:\/\/www.tktx-esklep.pl\/?product=2-x-dermacain-30g\"]}]},{\"@type\":\"ImageObject\",\"inLanguage\":\"pl-PL\",\"@id\":\"https:\/\/www.tktx-esklep.pl\/?product=2-x-dermacain-30g#primaryimage\",\"url\":\"https:\/\/www.tktx-esklep.pl\/wp-content\/uploads\/2024\/04\/Dermacain-30-PL.png\",\"contentUrl\":\"https:\/\/www.tktx-esklep.pl\/wp-content\/uploads\/2024\/04\/Dermacain-30-PL.png\",\"width\":1333,\"height\":1549,\"caption\":\"Krem znieczulaj\u0105cy TKTX Dermacain\"},{\"@type\":\"BreadcrumbList\",\"@id\":\"https:\/\/www.tktx-esklep.pl\/?product=2-x-dermacain-30g#breadcrumb\",\"itemListElement\":[{\"@type\":\"ListItem\",\"position\":1,\"name\":\"Home\",\"item\":\"https:\/\/www.tktx-esklep.pl\/\"},{\"@type\":\"ListItem\",\"position\":2,\"name\":\"2 x Dermacain 30g\"}]},{\"@type\":\"WebSite\",\"@id\":\"https:\/\/www.tktx-esklep.pl\/#website\",\"url\":\"https:\/\/www.tktx-esklep.pl\/\",\"name\":\"TKTX\",\"description\":\"Pi\u0119kno nie musi ju\u017c bole\u0107...\",\"publisher\":{\"@id\":\"https:\/\/www.tktx-esklep.pl\/#organization\"},\"potentialAction\":[{\"@type\":\"SearchAction\",\"target\":{\"@type\":\"EntryPoint\",\"urlTemplate\":\"https:\/\/www.tktx-esklep.pl\/?s={search_term_string}\"},\"query-input\":\"required name=search_term_string\"}],\"inLanguage\":\"pl-PL\"},{\"@type\":\"Organization\",\"@id\":\"https:\/\/www.tktx-esklep.pl\/#organization\",\"name\":\"TKTX\",\"url\":\"https:\/\/www.tktx-esklep.pl\/\",\"logo\":{\"@type\":\"ImageObject\",\"inLanguage\":\"pl-PL\",\"@id\":\"https:\/\/www.tktx-esklep.pl\/#\/schema\/logo\/image\/\",\"url\":\"https:\/\/www.tktx-esklep.pl\/wp-content\/uploads\/2022\/04\/cropped-cropped-Screen-Shot-2020-04-08-at-2.34.15-PM.png\",\"contentUrl\":\"https:\/\/www.tktx-esklep.pl\/wp-content\/uploads\/2022\/04\/cropped-cropped-Screen-Shot-2020-04-08-at-2.34.15-PM.png\",\"width\":512,\"height\":512,\"caption\":\"TKTX\"},\"image\":{\"@id\":\"https:\/\/www.tktx-esklep.pl\/#\/schema\/logo\/image\/\"}}]}<\/script>\n<!-- \/ Yoast SEO plugin. -->","yoast_head_json":{"title":"2 x Dermacain 30g - TKTX","description":"Krem przeciwb\u00f3lowy. Znieczulaj\u0105cy krem do tatua\u017cu, zabiegi estetyczne, depilacja, usuwanie tatua\u017cu i inne. Pi\u0119kno ju\u017c nie musi bole\u0107.","robots":{"index":"index","follow":"follow","max-snippet":"max-snippet:-1","max-image-preview":"max-image-preview:large","max-video-preview":"max-video-preview:-1"},"canonical":"https:\/\/www.tktx-esklep.pl\/?product=2-x-dermacain-30g","og_locale":"pl_PL","og_type":"article","og_title":"2 x Dermacain 30g - TKTX","og_description":"Krem przeciwb\u00f3lowy. Znieczulaj\u0105cy krem do tatua\u017cu, zabiegi estetyczne, depilacja, usuwanie tatua\u017cu i inne. Pi\u0119kno ju\u017c nie musi bole\u0107.","og_url":"https:\/\/www.tktx-esklep.pl\/?product=2-x-dermacain-30g","og_site_name":"TKTX","article_modified_time":"2024-04-03T04:42:12+00:00","og_image":[{"width":1333,"height":1549,"url":"https:\/\/www.tktx-esklep.pl\/wp-content\/uploads\/2024\/04\/Dermacain-30-PL.png","type":"image\/png"}],"twitter_card":"summary_large_image","twitter_misc":{"Szacowany czas czytania":"2 minuty"},"schema":{"@context":"https:\/\/schema.org","@graph":[{"@type":"WebPage","@id":"https:\/\/www.tktx-esklep.pl\/?product=2-x-dermacain-30g","url":"https:\/\/www.tktx-esklep.pl\/?product=2-x-dermacain-30g","name":"2 x Dermacain 30g - TKTX","isPartOf":{"@id":"https:\/\/www.tktx-esklep.pl\/#website"},"primaryImageOfPage":{"@id":"https:\/\/www.tktx-esklep.pl\/?product=2-x-dermacain-30g#primaryimage"},"image":{"@id":"https:\/\/www.tktx-esklep.pl\/?product=2-x-dermacain-30g#primaryimage"},"thumbnailUrl":"https:\/\/www.tktx-esklep.pl\/wp-content\/uploads\/2024\/04\/Dermacain-30-PL.png","datePublished":"2022-06-13T16:36:51+00:00","dateModified":"2024-04-03T04:42:12+00:00","description":"Krem przeciwb\u00f3lowy. Znieczulaj\u0105cy krem do tatua\u017cu, zabiegi estetyczne, depilacja, usuwanie tatua\u017cu i inne. Pi\u0119kno ju\u017c nie musi bole\u0107.","breadcrumb":{"@id":"https:\/\/www.tktx-esklep.pl\/?product=2-x-dermacain-30g#breadcrumb"},"inLanguage":"pl-PL","potentialAction":[{"@type":"ReadAction","target":["https:\/\/www.tktx-esklep.pl\/?product=2-x-dermacain-30g"]}]},{"@type":"ImageObject","inLanguage":"pl-PL","@id":"https:\/\/www.tktx-esklep.pl\/?product=2-x-dermacain-30g#primaryimage","url":"https:\/\/www.tktx-esklep.pl\/wp-content\/uploads\/2024\/04\/Dermacain-30-PL.png","contentUrl":"https:\/\/www.tktx-esklep.pl\/wp-content\/uploads\/2024\/04\/Dermacain-30-PL.png","width":1333,"height":1549,"caption":"Krem znieczulaj\u0105cy TKTX Dermacain"},{"@type":"BreadcrumbList","@id":"https:\/\/www.tktx-esklep.pl\/?product=2-x-dermacain-30g#breadcrumb","itemListElement":[{"@type":"ListItem","position":1,"name":"Home","item":"https:\/\/www.tktx-esklep.pl\/"},{"@type":"ListItem","position":2,"name":"2 x Dermacain 30g"}]},{"@type":"WebSite","@id":"https:\/\/www.tktx-esklep.pl\/#website","url":"https:\/\/www.tktx-esklep.pl\/","name":"TKTX","description":"Pi\u0119kno nie musi ju\u017c bole\u0107...","publisher":{"@id":"https:\/\/www.tktx-esklep.pl\/#organization"},"potentialAction":[{"@type":"SearchAction","target":{"@type":"EntryPoint","urlTemplate":"https:\/\/www.tktx-esklep.pl\/?s={search_term_string}"},"query-input":"required name=search_term_string"}],"inLanguage":"pl-PL"},{"@type":"Organization","@id":"https:\/\/www.tktx-esklep.pl\/#organization","name":"TKTX","url":"https:\/\/www.tktx-esklep.pl\/","logo":{"@type":"ImageObject","inLanguage":"pl-PL","@id":"https:\/\/www.tktx-esklep.pl\/#\/schema\/logo\/image\/","url":"https:\/\/www.tktx-esklep.pl\/wp-content\/uploads\/2022\/04\/cropped-cropped-Screen-Shot-2020-04-08-at-2.34.15-PM.png","contentUrl":"https:\/\/www.tktx-esklep.pl\/wp-content\/uploads\/2022\/04\/cropped-cropped-Screen-Shot-2020-04-08-at-2.34.15-PM.png","width":512,"height":512,"caption":"TKTX"},"image":{"@id":"https:\/\/www.tktx-esklep.pl\/#\/schema\/logo\/image\/"}}]}},"_links":{"self":[{"href":"https:\/\/www.tktx-esklep.pl\/index.php?rest_route=\/wp\/v2\/product\/94","targetHints":{"allow":["GET"]}}],"collection":[{"href":"https:\/\/www.tktx-esklep.pl\/index.php?rest_route=\/wp\/v2\/product"}],"about":[{"href":"https:\/\/www.tktx-esklep.pl\/index.php?rest_route=\/wp\/v2\/types\/product"}],"wp:featuredmedia":[{"embeddable":true,"href":"https:\/\/www.tktx-esklep.pl\/index.php?rest_route=\/wp\/v2\/media\/2192"}],"wp:attachment":[{"href":"https:\/\/www.tktx-esklep.pl\/index.php?rest_route=%2Fwp%2Fv2%2Fmedia&parent=94"}],"wp:term":[{"taxonomy":"product_cat","embeddable":true,"href":"https:\/\/www.tktx-esklep.pl\/index.php?rest_route=%2Fwp%2Fv2%2Fproduct_cat&post=94"},{"taxonomy":"product_tag","embeddable":true,"href":"https:\/\/www.tktx-esklep.pl\/index.php?rest_route=%2Fwp%2Fv2%2Fproduct_tag&post=94"}],"curies":[{"name":"wp","href":"https:\/\/api.w.org\/{rel}","templated":true}]}}